{"id":437,"date":"2026-02-05T12:41:52","date_gmt":"2026-02-05T12:41:52","guid":{"rendered":"https:\/\/feluccatour.mohamedmokhtar.net\/?page_id=437"},"modified":"2026-02-21T13:56:10","modified_gmt":"2026-02-21T13:56:10","slug":"tours","status":"publish","type":"page","link":"https:\/\/legendary-johncairo.com\/de\/tours\/","title":{"rendered":"Touren"},"content":{"rendered":"<div data-elementor-type=\"wp-page\" data-elementor-id=\"437\" class=\"elementor elementor-437\">\n\t\t\t\t\t\t<section class=\"elementor-section elementor-top-section elementor-element elementor-element-76c6e9ec ct-section-stretched elementor-section-boxed elementor-section-height-default elementor-section-height-default\" data-id=\"76c6e9ec\" data-element_type=\"section\" data-e-type=\"section\" data-settings=\"{&quot;background_background&quot;:&quot;classic&quot;}\">\n\t\t\t\t\t\t\t<div class=\"elementor-background-overlay\"><\/div>\n\t\t\t\t\t\t\t<div class=\"elementor-container elementor-column-gap-default\">\n\t\t\t\t\t<div class=\"elementor-column elementor-col-100 elementor-top-column elementor-element elementor-element-29a64992\" data-id=\"29a64992\" data-element_type=\"column\" data-e-type=\"column\">\n\t\t\t<div class=\"elementor-widget-wrap elementor-element-populated\">\n\t\t\t\t\t\t<div class=\"elementor-element elementor-element-25fd93a elementor-widget elementor-widget-heading\" data-id=\"25fd93a\" data-element_type=\"widget\" data-e-type=\"widget\" data-widget_type=\"heading.default\">\n\t\t\t\t\t<h2 class=\"elementor-heading-title elementor-size-default\">Unsere Touren<br><\/h2>\t\t\t\t<\/div>\n\t\t\t\t\t<\/div>\n\t\t<\/div>\n\t\t\t\t\t<\/div>\n\t\t<\/section>\n\t\t<div class=\"elementor-element elementor-element-11f46fa e-con-full e-flex e-con e-parent\" data-id=\"11f46fa\" data-element_type=\"container\" data-e-type=\"container\" data-settings=\"{&quot;background_background&quot;:&quot;classic&quot;}\">\n\t\t<div class=\"elementor-element elementor-element-29329d2 e-con-full e-flex e-con e-child\" data-id=\"29329d2\" data-element_type=\"container\" data-e-type=\"container\">\n\t\t\t\t<div class=\"elementor-element elementor-element-0f3c3d9 elementor-widget elementor-widget-heading\" data-id=\"0f3c3d9\" data-element_type=\"widget\" data-e-type=\"widget\" data-widget_type=\"heading.default\">\n\t\t\t\t\t<h2 class=\"elementor-heading-title elementor-size-default\">Nilkreuzfahrt von Assuan nach Luxor und von Luxor nach Assuan<\/h2>\t\t\t\t<\/div>\n\t\t\t\t<div class=\"elementor-element elementor-element-e7d6000 elementor-widget elementor-widget-text-editor\" data-id=\"e7d6000\" data-element_type=\"widget\" data-e-type=\"widget\" data-widget_type=\"text-editor.default\">\n\t\t\t\t\t\t\t\t\t<p class=\"translation-block\"><strong>Nilkreuzfahrt von Assuan nach Luxor<\/strong> <br>3 N\u00e4chte, Vollpension <br><strong>Nilkreuzfahrt von Luxor nach Assuan<\/strong> <br>3 N\u00e4chte, Vollpension <br>Optionale Touren, die wir zus\u00e4tzlich zu den Nilkreuzfahrten anbieten: <br>\u2022 Besuch der Tempel Kom Ombo und Edfu <br>\u2022 Luxor-Westjordanland-Tour: Tal der K\u00f6nige, Tal der K\u00f6niginnen, Hatschepsut <br>\u2022 Luxor-Ostufer-Tour: Karnak- und Luxor-Tempel <br>\u2022 Luxor-Hei\u00dfluftballontour <br>\u2022 Philae-Tempel, Abu Simbel, Hochdamm, <br>\u2022 Unvollendeter Obelisk (gr\u00f6\u00dfter bekannter antiker Obelisk) <br>\u2022 Nubische Dorftour (nubische Geschichte und Kultur)<\/p>\t\t\t\t\t\t\t\t<\/div>\n\t\t\t\t<div class=\"elementor-element elementor-element-4fb4fcf elementor-mobile-align-center elementor-widget elementor-widget-button\" data-id=\"4fb4fcf\" data-element_type=\"widget\" data-e-type=\"widget\" data-widget_type=\"button.default\">\n\t\t\t\t\t\t\t\t\t\t<a class=\"elementor-button elementor-button-link elementor-size-lg\" href=\"https:\/\/api.whatsapp.com\/send\/?phone=%2B201152961165\">\n\t\t\t\t\t\t<span class=\"elementor-button-content-wrapper\">\n\t\t\t\t\t\t\t\t\t<span class=\"elementor-button-text\">Kontaktieren Sie uns jetzt<\/span>\n\t\t\t\t\t<\/span>\n\t\t\t\t\t<\/a>\n\t\t\t\t\t\t\t\t<\/div>\n\t\t\t\t<\/div>\n\t\t\t\t<div class=\"elementor-element elementor-element-e626b50 elementor-widget__width-initial elementor-widget-tablet__width-inherit elementor-widget elementor-widget-image\" data-id=\"e626b50\" data-element_type=\"widget\" data-e-type=\"widget\" data-widget_type=\"image.default\">\n\t\t\t\t\t\t\t\t\t\t\t\t\t\t\t<img fetchpriority=\"high\" decoding=\"async\" width=\"740\" height=\"493\" src=\"https:\/\/legendary-johncairo.com\/wp-content\/uploads\/2026\/02\/large-temple-with-columns-blue-sky_681973-229-1.jpg\" class=\"attachment-large size-large wp-image-547\" alt=\"\" srcset=\"https:\/\/legendary-johncairo.com\/wp-content\/uploads\/2026\/02\/large-temple-with-columns-blue-sky_681973-229-1.jpg 740w, https:\/\/legendary-johncairo.com\/wp-content\/uploads\/2026\/02\/large-temple-with-columns-blue-sky_681973-229-1-300x200.jpg 300w\" sizes=\"(max-width: 740px) 100vw, 740px\" \/>\t\t\t\t\t\t\t\t\t\t\t\t\t\t\t<\/div>\n\t\t\t\t<\/div>\n\t\t<div class=\"elementor-element elementor-element-e5571a4 e-con-full e-flex e-con e-parent\" data-id=\"e5571a4\" data-element_type=\"container\" data-e-type=\"container\" data-settings=\"{&quot;background_background&quot;:&quot;classic&quot;}\">\n\t\t\t\t<div class=\"elementor-element elementor-element-8282d83 elementor-widget__width-initial elementor-widget-tablet__width-inherit elementor-widget elementor-widget-image\" data-id=\"8282d83\" data-element_type=\"widget\" data-e-type=\"widget\" data-widget_type=\"image.default\">\n\t\t\t\t\t\t\t\t\t\t\t\t\t\t\t<img decoding=\"async\" width=\"740\" height=\"493\" src=\"https:\/\/legendary-johncairo.com\/wp-content\/uploads\/2026\/02\/hot-air-balloon-realistic-dreamscape_23-2151763038.avif\" class=\"attachment-large size-large wp-image-549\" alt=\"\" srcset=\"https:\/\/legendary-johncairo.com\/wp-content\/uploads\/2026\/02\/hot-air-balloon-realistic-dreamscape_23-2151763038.avif 740w, https:\/\/legendary-johncairo.com\/wp-content\/uploads\/2026\/02\/hot-air-balloon-realistic-dreamscape_23-2151763038-300x200.avif 300w\" sizes=\"(max-width: 740px) 100vw, 740px\" \/>\t\t\t\t\t\t\t\t\t\t\t\t\t\t\t<\/div>\n\t\t<div class=\"elementor-element elementor-element-9cf5980 e-con-full e-flex e-con e-child\" data-id=\"9cf5980\" data-element_type=\"container\" data-e-type=\"container\">\n\t\t\t\t<div class=\"elementor-element elementor-element-b6ec843 elementor-widget elementor-widget-heading\" data-id=\"b6ec843\" data-element_type=\"widget\" data-e-type=\"widget\" data-widget_type=\"heading.default\">\n\t\t\t\t\t<h2 class=\"elementor-heading-title elementor-size-default\">Alle von uns angebotenen Touren k\u00f6nnen private Touren oder gemeinsame Touren sein<\/h2>\t\t\t\t<\/div>\n\t\t\t\t<div class=\"elementor-element elementor-element-74e3322 elementor-widget elementor-widget-text-editor\" data-id=\"74e3322\" data-element_type=\"widget\" data-e-type=\"widget\" data-widget_type=\"text-editor.default\">\n\t\t\t\t\t\t\t\t\t<p class=\"translation-block\"><strong>Luxor-Hei\u00dfluftballontour <\/strong><br><strong>Abu-Simbel-Tour <\/strong><br><strong>Nubische Dorftour <\/strong><br><strong>Aswan-Touren <\/strong><br>Philae-Tempel, Hochdamm, unvollendeter Obelisk <br><strong>Luxor-Ost- und Westjordanland-Touren <\/strong><br>\u2022 Luxor-Westjordanland-Tour: Tal der K\u00f6nige, Tal der K\u00f6niginnen, Hatschepsut <br>\u2022 Luxor-Ostufer Tour: Karnak- und Luxor-Tempel<\/p>\t\t\t\t\t\t\t\t<\/div>\n\t\t\t\t<div class=\"elementor-element elementor-element-d6cb55b elementor-mobile-align-center elementor-widget elementor-widget-button\" data-id=\"d6cb55b\" data-element_type=\"widget\" data-e-type=\"widget\" data-widget_type=\"button.default\">\n\t\t\t\t\t\t\t\t\t\t<a class=\"elementor-button elementor-button-link elementor-size-lg\" href=\"https:\/\/api.whatsapp.com\/send\/?phone=%2B201152961165\">\n\t\t\t\t\t\t<span class=\"elementor-button-content-wrapper\">\n\t\t\t\t\t\t\t\t\t<span class=\"elementor-button-text\">Kontaktieren Sie uns jetzt<\/span>\n\t\t\t\t\t<\/span>\n\t\t\t\t\t<\/a>\n\t\t\t\t\t\t\t\t<\/div>\n\t\t\t\t<\/div>\n\t\t\t\t<\/div>\n\t\t<div class=\"elementor-element elementor-element-674fbf6d e-con-full e-flex e-con e-parent\" data-id=\"674fbf6d\" data-element_type=\"container\" data-e-type=\"container\" data-settings=\"{&quot;background_background&quot;:&quot;classic&quot;}\">\n\t\t<div class=\"elementor-element elementor-element-597edde0 e-con-full e-flex e-con e-child\" data-id=\"597edde0\" data-element_type=\"container\" data-e-type=\"container\">\n\t\t\t\t<div class=\"elementor-element elementor-element-480248d5 elementor-widget elementor-widget-heading\" data-id=\"480248d5\" data-element_type=\"widget\" data-e-type=\"widget\" data-widget_type=\"heading.default\">\n\t\t\t\t\t<h2 class=\"elementor-heading-title elementor-size-default\">Feluke-Sonnenuntergangstour in Assuan<\/h2>\t\t\t\t<\/div>\n\t\t\t\t<div class=\"elementor-element elementor-element-7a46781 elementor-widget elementor-widget-text-editor\" data-id=\"7a46781\" data-element_type=\"widget\" data-e-type=\"widget\" data-widget_type=\"text-editor.default\">\n\t\t\t\t\t\t\t\t\t<p class=\"translation-block\">\u2022 Gr\u00e4ber der Adligen <br>\u2022 Elephantine Island <br>\u2022 Kitchner's Island (Botanischer Garten) <br>\u2022 Old Cataract Hotel bei Sonnenuntergang <br><strong>Felucca-\u00dcbernachtungsausflug <\/strong><br>1 Tag, 1 Nacht <br>von Assuan bis nach Acaba <br>Vollpension <br><strong>2-t\u00e4giger Felucca-Ausflug <\/strong><br>2 Tage, 2 N\u00e4chte <br>von Assuan bis nach Kom Ombo <br>Vollpension <br>Transport von Kom Ombo nach Luxor <br><strong>3-t\u00e4giger Felucca-Ausflug<\/strong> <br>3 Tage, 3 N\u00e4chte <br>von Assuan bis nach Gebel el Silsila, <br>Vollpension <br>Transport zum Edfu-Tempel und Luxor.<\/p>\t\t\t\t\t\t\t\t<\/div>\n\t\t\t\t<div class=\"elementor-element elementor-element-214abeb4 elementor-mobile-align-center elementor-widget elementor-widget-button\" data-id=\"214abeb4\" data-element_type=\"widget\" data-e-type=\"widget\" data-widget_type=\"button.default\">\n\t\t\t\t\t\t\t\t\t\t<a class=\"elementor-button elementor-button-link elementor-size-lg\" href=\"https:\/\/api.whatsapp.com\/send\/?phone=%2B201152961165\">\n\t\t\t\t\t\t<span class=\"elementor-button-content-wrapper\">\n\t\t\t\t\t\t\t\t\t<span class=\"elementor-button-text\">Kontaktieren Sie uns jetzt<\/span>\n\t\t\t\t\t<\/span>\n\t\t\t\t\t<\/a>\n\t\t\t\t\t\t\t\t<\/div>\n\t\t\t\t<\/div>\n\t\t\t\t<div class=\"elementor-element elementor-element-7988e059 elementor-widget__width-initial elementor-widget-tablet__width-inherit elementor-widget elementor-widget-image\" data-id=\"7988e059\" data-element_type=\"widget\" data-e-type=\"widget\" data-widget_type=\"image.default\">\n\t\t\t\t\t\t\t\t\t\t\t\t\t\t\t<img decoding=\"async\" width=\"1024\" height=\"576\" src=\"https:\/\/legendary-johncairo.com\/wp-content\/uploads\/2026\/02\/\u0648\u0627\u062f\u0649-\u0627\u0644\u0645\u0644\u0648\u06432-1.jpg\" class=\"attachment-large size-large wp-image-729\" alt=\"\" srcset=\"https:\/\/legendary-johncairo.com\/wp-content\/uploads\/2026\/02\/\u0648\u0627\u062f\u0649-\u0627\u0644\u0645\u0644\u0648\u06432-1.jpg 1024w, https:\/\/legendary-johncairo.com\/wp-content\/uploads\/2026\/02\/\u0648\u0627\u062f\u0649-\u0627\u0644\u0645\u0644\u0648\u06432-1-300x169.jpg 300w, https:\/\/legendary-johncairo.com\/wp-content\/uploads\/2026\/02\/\u0648\u0627\u062f\u0649-\u0627\u0644\u0645\u0644\u0648\u06432-1-768x432.jpg 768w\" sizes=\"(max-width: 1024px) 100vw, 1024px\" \/>\t\t\t\t\t\t\t\t\t\t\t\t\t\t\t<\/div>\n\t\t\t\t<\/div>\n\t\t<div class=\"elementor-element elementor-element-f9292a7 e-con-full e-flex e-con e-parent\" data-id=\"f9292a7\" data-element_type=\"container\" data-e-type=\"container\" data-settings=\"{&quot;background_background&quot;:&quot;classic&quot;}\">\n\t\t\t\t<div class=\"elementor-element elementor-element-27957af elementor-widget__width-initial elementor-widget-tablet__width-inherit elementor-widget elementor-widget-image\" data-id=\"27957af\" data-element_type=\"widget\" data-e-type=\"widget\" data-widget_type=\"image.default\">\n\t\t\t\t\t\t\t\t\t\t\t\t\t\t\t<img loading=\"lazy\" decoding=\"async\" width=\"550\" height=\"309\" src=\"https:\/\/legendary-johncairo.com\/wp-content\/uploads\/2026\/02\/91063-\u062c\u0632\u064a\u0631\u0629-\u0627\u0644\u0646\u0628\u0627\u062a\u0627\u062a-\u0627\u0644\u0646\u0627\u062f\u0631\u0629-\u0641\u0649-\u0623\u0633\u0648\u0627\u0646-15.jpg\" class=\"attachment-large size-large wp-image-725\" alt=\"\" srcset=\"https:\/\/legendary-johncairo.com\/wp-content\/uploads\/2026\/02\/91063-\u062c\u0632\u064a\u0631\u0629-\u0627\u0644\u0646\u0628\u0627\u062a\u0627\u062a-\u0627\u0644\u0646\u0627\u062f\u0631\u0629-\u0641\u0649-\u0623\u0633\u0648\u0627\u0646-15.jpg 550w, https:\/\/legendary-johncairo.com\/wp-content\/uploads\/2026\/02\/91063-\u062c\u0632\u064a\u0631\u0629-\u0627\u0644\u0646\u0628\u0627\u062a\u0627\u062a-\u0627\u0644\u0646\u0627\u062f\u0631\u0629-\u0641\u0649-\u0623\u0633\u0648\u0627\u0646-15-300x169.jpg 300w\" sizes=\"(max-width: 550px) 100vw, 550px\" \/>\t\t\t\t\t\t\t\t\t\t\t\t\t\t\t<\/div>\n\t\t<div class=\"elementor-element elementor-element-d530a7c e-con-full e-flex e-con e-child\" data-id=\"d530a7c\" data-element_type=\"container\" data-e-type=\"container\">\n\t\t\t\t<div class=\"elementor-element elementor-element-e57fa66 elementor-widget elementor-widget-heading\" data-id=\"e57fa66\" data-element_type=\"widget\" data-e-type=\"widget\" data-widget_type=\"heading.default\">\n\t\t\t\t\t<h2 class=\"elementor-heading-title elementor-size-default\">Dreamland Guesthouse im Dorf Ramadi<\/h2>\t\t\t\t<\/div>\n\t\t\t\t<div class=\"elementor-element elementor-element-681a307 elementor-widget elementor-widget-text-editor\" data-id=\"681a307\" data-element_type=\"widget\" data-e-type=\"widget\" data-widget_type=\"text-editor.default\">\n\t\t\t\t\t\t\t\t\t<p class=\"translation-block\">Genie\u00dfen Sie die Gastfreundschaft im G\u00e4stehaus der \u00f6rtlichen Familie im Dorf Ramadi in der N\u00e4he der Stadt Edfu. <br>Die Dorfbewohner sind sehr freundlich und Besucher sind willkommen. <br>Das Haus ist sehr ruhig, entspannend und sauber. <br>Sch\u00f6ne, wunderbare Aussicht aus den Fenstern und der Terrasse im 4. Stock. <br>Machen Sie einen 15-min\u00fctigen Spaziergang zum Nil. <br>Sie k\u00f6nnen eine kleine Bootsfahrt auf dem Fluss unternehmen oder an den Str\u00e4nden schwimmen. <br>Besuchen Sie die W\u00fcste au\u00dferhalb des Dorfes. <br>Das Dorf liegt zwischen zwei Tempeln, dem Edfu-Tempel im Norden und dem Gebel el Silsila im S\u00fcden. <br>Wenn Sie sch\u00f6ne, wundervolle Zeiten verbringen m\u00f6chten, empfehlen wir Ihnen dieses kleine, ruhige Paradies. <br>Wir haben einen guten Verbindungsservice zwischen Assuan und Luxor und k\u00f6nnen f\u00fcr Sie ein Hotel in Assuan und Luxor, einen Transport oder eine separate Tour buchen.<\/p>\t\t\t\t\t\t\t\t<\/div>\n\t\t\t\t<div class=\"elementor-element elementor-element-74950bb elementor-mobile-align-center elementor-widget elementor-widget-button\" data-id=\"74950bb\" data-element_type=\"widget\" data-e-type=\"widget\" data-widget_type=\"button.default\">\n\t\t\t\t\t\t\t\t\t\t<a class=\"elementor-button elementor-button-link elementor-size-lg\" href=\"https:\/\/api.whatsapp.com\/send\/?phone=%2B201152961165\">\n\t\t\t\t\t\t<span class=\"elementor-button-content-wrapper\">\n\t\t\t\t\t\t\t\t\t<span class=\"elementor-button-text\">Kontaktieren Sie uns jetzt<\/span>\n\t\t\t\t\t<\/span>\n\t\t\t\t\t<\/a>\n\t\t\t\t\t\t\t\t<\/div>\n\t\t\t\t<\/div>\n\t\t\t\t<\/div>\n\t\t\t\t<\/div>","protected":false},"excerpt":{"rendered":"<p>Our Tours Nile Cruise from Aswan to Luxor &amp; from Luxor to Aswan Nile Cruise from Aswan to Luxor 3 nights, full board Nile Cruise from Luxor to Aswan 3 nights, full board Optional tours we offer in addition to the Nile Cruises: \u2022 Kom Ombo and Edfu temples visit \u2022 Luxor West Bank tour: [&hellip;]<\/p>\n","protected":false},"author":1,"featured_media":0,"parent":0,"menu_order":0,"comment_status":"closed","ping_status":"closed","template":"elementor_header_footer","meta":{"footnotes":""},"class_list":["post-437","page","type-page","status-publish","hentry"],"blocksy_meta":[],"_links":{"self":[{"href":"https:\/\/legendary-johncairo.com\/de\/wp-json\/wp\/v2\/pages\/437","targetHints":{"allow":["GET"]}}],"collection":[{"href":"https:\/\/legendary-johncairo.com\/de\/wp-json\/wp\/v2\/pages"}],"about":[{"href":"https:\/\/legendary-johncairo.com\/de\/wp-json\/wp\/v2\/types\/page"}],"author":[{"embeddable":true,"href":"https:\/\/legendary-johncairo.com\/de\/wp-json\/wp\/v2\/users\/1"}],"replies":[{"embeddable":true,"href":"https:\/\/legendary-johncairo.com\/de\/wp-json\/wp\/v2\/comments?post=437"}],"version-history":[{"count":52,"href":"https:\/\/legendary-johncairo.com\/de\/wp-json\/wp\/v2\/pages\/437\/revisions"}],"predecessor-version":[{"id":732,"href":"https:\/\/legendary-johncairo.com\/de\/wp-json\/wp\/v2\/pages\/437\/revisions\/732"}],"wp:attachment":[{"href":"https:\/\/legendary-johncairo.com\/de\/wp-json\/wp\/v2\/media?parent=437"}],"curies":[{"name":"wp","href":"https:\/\/api.w.org\/{rel}","templated":true}]}}