{"id":595,"date":"2026-02-07T15:17:21","date_gmt":"2026-02-07T15:17:21","guid":{"rendered":"https:\/\/feluccatour.mohamedmokhtar.net\/?page_id=595"},"modified":"2026-02-21T14:42:53","modified_gmt":"2026-02-21T14:42:53","slug":"dreamland-guesthouse","status":"publish","type":"page","link":"https:\/\/legendary-johncairo.com\/de\/dreamland-guesthouse\/","title":{"rendered":"Traumland-G\u00e4stehaus"},"content":{"rendered":"<div data-elementor-type=\"wp-page\" data-elementor-id=\"595\" class=\"elementor elementor-595\">\n\t\t\t\t\t\t<section class=\"elementor-section elementor-top-section elementor-element elementor-element-1eceb98e ct-section-stretched elementor-section-boxed elementor-section-height-default elementor-section-height-default\" data-id=\"1eceb98e\" data-element_type=\"section\" data-e-type=\"section\" data-settings=\"{&quot;background_background&quot;:&quot;classic&quot;}\">\n\t\t\t\t\t\t\t<div class=\"elementor-background-overlay\"><\/div>\n\t\t\t\t\t\t\t<div class=\"elementor-container elementor-column-gap-default\">\n\t\t\t\t\t<div class=\"elementor-column elementor-col-100 elementor-top-column elementor-element elementor-element-560509f4\" data-id=\"560509f4\" data-element_type=\"column\" data-e-type=\"column\">\n\t\t\t<div class=\"elementor-widget-wrap elementor-element-populated\">\n\t\t\t\t\t\t<div class=\"elementor-element elementor-element-436b07df elementor-widget elementor-widget-heading\" data-id=\"436b07df\" data-element_type=\"widget\" data-e-type=\"widget\" data-widget_type=\"heading.default\">\n\t\t\t\t\t<h2 class=\"elementor-heading-title elementor-size-default\">Traumland-G\u00e4stehaus<\/h2>\t\t\t\t<\/div>\n\t\t\t\t<div class=\"elementor-element elementor-element-555dec65 elementor-widget__width-initial elementor-widget-tablet__width-inherit elementor-hidden-desktop elementor-hidden-tablet elementor-hidden-mobile elementor-widget elementor-widget-text-editor\" data-id=\"555dec65\" data-element_type=\"widget\" data-e-type=\"widget\" data-widget_type=\"text-editor.default\">\n\t\t\t\t\t\t\t\t\t<p>Beginnen Sie noch heute Ihr zeitloses Nilabenteuer. Ihre Reise ins Herz des alten \u00c4gypten ist nur eine Nachricht entfernt.<\/p>\t\t\t\t\t\t\t\t<\/div>\n\t\t\t\t\t<\/div>\n\t\t<\/div>\n\t\t\t\t\t<\/div>\n\t\t<\/section>\n\t\t<div class=\"elementor-element elementor-element-cb8fe63 e-flex e-con-boxed e-con e-parent\" data-id=\"cb8fe63\" data-element_type=\"container\" data-e-type=\"container\">\n\t\t\t\t\t<div class=\"e-con-inner\">\n\t\t<div class=\"elementor-element elementor-element-4cb69594 e-con-full e-flex e-con e-child\" data-id=\"4cb69594\" data-element_type=\"container\" data-e-type=\"container\">\n\t\t<div class=\"elementor-element elementor-element-f26d907 e-con-full e-flex e-con e-child\" data-id=\"f26d907\" data-element_type=\"container\" data-e-type=\"container\">\n\t\t\t\t<div class=\"elementor-element elementor-element-56a28a6e elementor-widget elementor-widget-image\" data-id=\"56a28a6e\" data-element_type=\"widget\" data-e-type=\"widget\" data-widget_type=\"image.default\">\n\t\t\t\t\t\t\t\t\t\t\t\t\t\t\t<img fetchpriority=\"high\" decoding=\"async\" width=\"1024\" height=\"576\" src=\"https:\/\/legendary-johncairo.com\/wp-content\/uploads\/2026\/02\/WhatsApp-Image-2026-02-21-at-11.36.32-AM-1-1024x576.jpeg\" class=\"attachment-large size-large wp-image-772\" alt=\"\" srcset=\"https:\/\/legendary-johncairo.com\/wp-content\/uploads\/2026\/02\/WhatsApp-Image-2026-02-21-at-11.36.32-AM-1-1024x576.jpeg 1024w, https:\/\/legendary-johncairo.com\/wp-content\/uploads\/2026\/02\/WhatsApp-Image-2026-02-21-at-11.36.32-AM-1-300x169.jpeg 300w, https:\/\/legendary-johncairo.com\/wp-content\/uploads\/2026\/02\/WhatsApp-Image-2026-02-21-at-11.36.32-AM-1-768x432.jpeg 768w, https:\/\/legendary-johncairo.com\/wp-content\/uploads\/2026\/02\/WhatsApp-Image-2026-02-21-at-11.36.32-AM-1-1536x864.jpeg 1536w, https:\/\/legendary-johncairo.com\/wp-content\/uploads\/2026\/02\/WhatsApp-Image-2026-02-21-at-11.36.32-AM-1.jpeg 1600w\" sizes=\"(max-width: 1024px) 100vw, 1024px\" \/>\t\t\t\t\t\t\t\t\t\t\t\t\t\t\t<\/div>\n\t\t\t\t<div class=\"elementor-element elementor-element-2c38b746 elementor-widget elementor-widget-image\" data-id=\"2c38b746\" data-element_type=\"widget\" data-e-type=\"widget\" data-widget_type=\"image.default\">\n\t\t\t\t\t\t\t\t\t\t\t\t\t\t\t<img decoding=\"async\" width=\"576\" height=\"1024\" src=\"https:\/\/legendary-johncairo.com\/wp-content\/uploads\/2026\/02\/WhatsApp-Image-2026-01-26-at-1.08.14-AM-576x1024.jpeg\" class=\"attachment-large size-large wp-image-687\" alt=\"\" srcset=\"https:\/\/legendary-johncairo.com\/wp-content\/uploads\/2026\/02\/WhatsApp-Image-2026-01-26-at-1.08.14-AM-576x1024.jpeg 576w, https:\/\/legendary-johncairo.com\/wp-content\/uploads\/2026\/02\/WhatsApp-Image-2026-01-26-at-1.08.14-AM-169x300.jpeg 169w, https:\/\/legendary-johncairo.com\/wp-content\/uploads\/2026\/02\/WhatsApp-Image-2026-01-26-at-1.08.14-AM.jpeg 720w\" sizes=\"(max-width: 576px) 100vw, 576px\" \/>\t\t\t\t\t\t\t\t\t\t\t\t\t\t\t<\/div>\n\t\t\t\t<\/div>\n\t\t<div class=\"elementor-element elementor-element-da67cf4 e-con-full e-flex e-con e-child\" data-id=\"da67cf4\" data-element_type=\"container\" data-e-type=\"container\">\n\t\t\t\t<div class=\"elementor-element elementor-element-4115cae elementor-widget elementor-widget-image\" data-id=\"4115cae\" data-element_type=\"widget\" data-e-type=\"widget\" data-widget_type=\"image.default\">\n\t\t\t\t\t\t\t\t\t\t\t\t\t\t\t<img decoding=\"async\" width=\"1024\" height=\"576\" src=\"https:\/\/legendary-johncairo.com\/wp-content\/uploads\/2026\/02\/WhatsApp-Image-2026-01-26-at-12.07.18-AM-2-1024x576.jpeg\" class=\"attachment-large size-large wp-image-688\" alt=\"\" srcset=\"https:\/\/legendary-johncairo.com\/wp-content\/uploads\/2026\/02\/WhatsApp-Image-2026-01-26-at-12.07.18-AM-2-1024x576.jpeg 1024w, https:\/\/legendary-johncairo.com\/wp-content\/uploads\/2026\/02\/WhatsApp-Image-2026-01-26-at-12.07.18-AM-2-300x169.jpeg 300w, https:\/\/legendary-johncairo.com\/wp-content\/uploads\/2026\/02\/WhatsApp-Image-2026-01-26-at-12.07.18-AM-2-768x432.jpeg 768w, https:\/\/legendary-johncairo.com\/wp-content\/uploads\/2026\/02\/WhatsApp-Image-2026-01-26-at-12.07.18-AM-2.jpeg 1280w\" sizes=\"(max-width: 1024px) 100vw, 1024px\" \/>\t\t\t\t\t\t\t\t\t\t\t\t\t\t\t<\/div>\n\t\t\t\t<div class=\"elementor-element elementor-element-9726a78 elementor-widget elementor-widget-image\" data-id=\"9726a78\" data-element_type=\"widget\" data-e-type=\"widget\" data-widget_type=\"image.default\">\n\t\t\t\t\t\t\t\t\t\t\t\t\t\t\t<img loading=\"lazy\" decoding=\"async\" width=\"768\" height=\"1024\" src=\"https:\/\/legendary-johncairo.com\/wp-content\/uploads\/2026\/02\/WhatsApp-Image-2026-01-26-at-1.09.17-AM-768x1024.jpeg\" class=\"attachment-large size-large wp-image-685\" alt=\"\" srcset=\"https:\/\/legendary-johncairo.com\/wp-content\/uploads\/2026\/02\/WhatsApp-Image-2026-01-26-at-1.09.17-AM-768x1024.jpeg 768w, https:\/\/legendary-johncairo.com\/wp-content\/uploads\/2026\/02\/WhatsApp-Image-2026-01-26-at-1.09.17-AM-225x300.jpeg 225w, https:\/\/legendary-johncairo.com\/wp-content\/uploads\/2026\/02\/WhatsApp-Image-2026-01-26-at-1.09.17-AM-1152x1536.jpeg 1152w, https:\/\/legendary-johncairo.com\/wp-content\/uploads\/2026\/02\/WhatsApp-Image-2026-01-26-at-1.09.17-AM.jpeg 1200w\" sizes=\"(max-width: 768px) 100vw, 768px\" \/>\t\t\t\t\t\t\t\t\t\t\t\t\t\t\t<\/div>\n\t\t\t\t<\/div>\n\t\t\t\t<\/div>\n\t\t<div class=\"elementor-element elementor-element-55d4d83a e-con-full e-flex e-con e-child\" data-id=\"55d4d83a\" data-element_type=\"container\" data-e-type=\"container\">\n\t\t\t\t<div class=\"elementor-element elementor-element-1330c969 elementor-widget elementor-widget-heading\" data-id=\"1330c969\" data-element_type=\"widget\" data-e-type=\"widget\" data-widget_type=\"heading.default\">\n\t\t\t\t\t<h3 class=\"elementor-heading-title elementor-size-default\">Dreamland Guesthouse im Dorf Ramadi<\/h3>\t\t\t\t<\/div>\n\t\t\t\t<div class=\"elementor-element elementor-element-359e6e2f elementor-widget elementor-widget-text-editor\" data-id=\"359e6e2f\" data-element_type=\"widget\" data-e-type=\"widget\" data-widget_type=\"text-editor.default\">\n\t\t\t\t\t\t\t\t\t<p class=\"translation-block\">Genie\u00dfen Sie die Gastfreundschaft im G\u00e4stehaus der \u00f6rtlichen Familie im Dorf Ramadi in der N\u00e4he der Stadt Edfu. <br>Die Dorfbewohner sind sehr freundlich und Besucher sind willkommen. <br>Das Haus ist sehr ruhig, entspannend und sauber. <br>Sch\u00f6ne, wunderbare Aussicht aus den Fenstern und der Terrasse im 4. Stock. <br>Machen Sie einen 15-min\u00fctigen Spaziergang zum Nil. <br>Sie k\u00f6nnen eine kleine Bootsfahrt auf dem Fluss unternehmen oder an den Str\u00e4nden schwimmen. <br>Besuchen Sie die W\u00fcste au\u00dferhalb des Dorfes. <br>Das Dorf liegt zwischen zwei Tempeln, dem Edfu-Tempel im Norden und dem Gebel el Silsila im S\u00fcden. <br>Wenn Sie sch\u00f6ne, wundervolle Zeiten verbringen m\u00f6chten, empfehlen wir Ihnen dieses kleine, ruhige Paradies. <br>Wir haben einen guten Verbindungsservice zwischen Assuan und Luxor und k\u00f6nnen f\u00fcr Sie ein Hotel in Assuan und Luxor, einen Transport oder eine separate Tour buchen<\/p>\t\t\t\t\t\t\t\t<\/div>\n\t\t\t\t<div class=\"elementor-element elementor-element-438d696e elementor-mobile-align-center elementor-widget elementor-widget-button\" data-id=\"438d696e\" data-element_type=\"widget\" data-e-type=\"widget\" data-widget_type=\"button.default\">\n\t\t\t\t\t\t\t\t\t\t<a class=\"elementor-button elementor-button-link elementor-size-lg\" href=\"https:\/\/api.whatsapp.com\/send\/?phone=%2B201152961165\">\n\t\t\t\t\t\t<span class=\"elementor-button-content-wrapper\">\n\t\t\t\t\t\t\t\t\t<span class=\"elementor-button-text\">Jetzt buchen<\/span>\n\t\t\t\t\t<\/span>\n\t\t\t\t\t<\/a>\n\t\t\t\t\t\t\t\t<\/div>\n\t\t\t\t<\/div>\n\t\t\t\t\t<\/div>\n\t\t\t\t<\/div>\n\t\t\t\t<\/div>","protected":false},"excerpt":{"rendered":"<p>Dreamland Guesthouse Start Your Timeless Nile Adventure Today. Your journey to the heart of Ancient Egypt is just a message away. Dreamland Guesthouse in Ramadi Village Enjoy hospitality in the local family\u2019s guesthouse in Ramadi village near Edfu town. The people of the village are very friendly and visitors are welcome. The house is very [&hellip;]<\/p>\n","protected":false},"author":1,"featured_media":0,"parent":0,"menu_order":0,"comment_status":"closed","ping_status":"closed","template":"elementor_header_footer","meta":{"footnotes":""},"class_list":["post-595","page","type-page","status-publish","hentry"],"blocksy_meta":[],"_links":{"self":[{"href":"https:\/\/legendary-johncairo.com\/de\/wp-json\/wp\/v2\/pages\/595","targetHints":{"allow":["GET"]}}],"collection":[{"href":"https:\/\/legendary-johncairo.com\/de\/wp-json\/wp\/v2\/pages"}],"about":[{"href":"https:\/\/legendary-johncairo.com\/de\/wp-json\/wp\/v2\/types\/page"}],"author":[{"embeddable":true,"href":"https:\/\/legendary-johncairo.com\/de\/wp-json\/wp\/v2\/users\/1"}],"replies":[{"embeddable":true,"href":"https:\/\/legendary-johncairo.com\/de\/wp-json\/wp\/v2\/comments?post=595"}],"version-history":[{"count":28,"href":"https:\/\/legendary-johncairo.com\/de\/wp-json\/wp\/v2\/pages\/595\/revisions"}],"predecessor-version":[{"id":802,"href":"https:\/\/legendary-johncairo.com\/de\/wp-json\/wp\/v2\/pages\/595\/revisions\/802"}],"wp:attachment":[{"href":"https:\/\/legendary-johncairo.com\/de\/wp-json\/wp\/v2\/media?parent=595"}],"curies":[{"name":"wp","href":"https:\/\/api.w.org\/{rel}","templated":true}]}}