{"id":437,"date":"2026-02-05T12:41:52","date_gmt":"2026-02-05T12:41:52","guid":{"rendered":"https:\/\/feluccatour.mohamedmokhtar.net\/?page_id=437"},"modified":"2026-02-21T13:56:10","modified_gmt":"2026-02-21T13:56:10","slug":"tours","status":"publish","type":"page","link":"https:\/\/legendary-johncairo.com\/fr\/tours\/","title":{"rendered":"Visites"},"content":{"rendered":"<div data-elementor-type=\"wp-page\" data-elementor-id=\"437\" class=\"elementor elementor-437\">\n\t\t\t\t\t\t<section class=\"elementor-section elementor-top-section elementor-element elementor-element-76c6e9ec ct-section-stretched elementor-section-boxed elementor-section-height-default elementor-section-height-default\" data-id=\"76c6e9ec\" data-element_type=\"section\" data-e-type=\"section\" data-settings=\"{&quot;background_background&quot;:&quot;classic&quot;}\">\n\t\t\t\t\t\t\t<div class=\"elementor-background-overlay\"><\/div>\n\t\t\t\t\t\t\t<div class=\"elementor-container elementor-column-gap-default\">\n\t\t\t\t\t<div class=\"elementor-column elementor-col-100 elementor-top-column elementor-element elementor-element-29a64992\" data-id=\"29a64992\" data-element_type=\"column\" data-e-type=\"column\">\n\t\t\t<div class=\"elementor-widget-wrap elementor-element-populated\">\n\t\t\t\t\t\t<div class=\"elementor-element elementor-element-25fd93a elementor-widget elementor-widget-heading\" data-id=\"25fd93a\" data-element_type=\"widget\" data-e-type=\"widget\" data-widget_type=\"heading.default\">\n\t\t\t\t\t<h2 class=\"elementor-heading-title elementor-size-default\">Nos circuits<br><\/h2>\t\t\t\t<\/div>\n\t\t\t\t\t<\/div>\n\t\t<\/div>\n\t\t\t\t\t<\/div>\n\t\t<\/section>\n\t\t<div class=\"elementor-element elementor-element-11f46fa e-con-full e-flex e-con e-parent\" data-id=\"11f46fa\" data-element_type=\"container\" data-e-type=\"container\" data-settings=\"{&quot;background_background&quot;:&quot;classic&quot;}\">\n\t\t<div class=\"elementor-element elementor-element-29329d2 e-con-full e-flex e-con e-child\" data-id=\"29329d2\" data-element_type=\"container\" data-e-type=\"container\">\n\t\t\t\t<div class=\"elementor-element elementor-element-0f3c3d9 elementor-widget elementor-widget-heading\" data-id=\"0f3c3d9\" data-element_type=\"widget\" data-e-type=\"widget\" data-widget_type=\"heading.default\">\n\t\t\t\t\t<h2 class=\"elementor-heading-title elementor-size-default\">Croisi\u00e8re sur le Nil d'Assouan \u00e0 Louxor et de Louxor \u00e0 Assouan<\/h2>\t\t\t\t<\/div>\n\t\t\t\t<div class=\"elementor-element elementor-element-e7d6000 elementor-widget elementor-widget-text-editor\" data-id=\"e7d6000\" data-element_type=\"widget\" data-e-type=\"widget\" data-widget_type=\"text-editor.default\">\n\t\t\t\t\t\t\t\t\t<p class=\"translation-block\"><strong>Croisi\u00e8re sur le Nil d'Assouan \u00e0 Louxor<\/strong> <br>3 nuits en pension compl\u00e8te <br><strong>Croisi\u00e8re sur le Nil de Louxor \u00e0 Assouan<\/strong> <br>3 nuits en pension compl\u00e8te <br>Tours optionnels que nous proposons en plus des croisi\u00e8res sur le Nil\u00a0: <br>\u2022 Visite des temples de Kom Ombo et d'Edfou <br>\u2022 Tour de Louxor en Cisjordanie\u00a0: Vall\u00e9e des Rois, Vall\u00e9e des Reines, Hatshepsout <br>\u2022 Tour de la rive est de Louxor\u00a0: Temples de Karnak et de Louxor <br>\u2022 Visite en montgolfi\u00e8re de Louxor <br>\u2022 Temple de Philae, Abou Simbel, haut barrage, <br>\u2022 Ob\u00e9lisque inachev\u00e9 (le plus grand ob\u00e9lisque ancien connu) <br>\u2022 Visite du village nubien (histoire et culture nubiennes)<\/p>\t\t\t\t\t\t\t\t<\/div>\n\t\t\t\t<div class=\"elementor-element elementor-element-4fb4fcf elementor-mobile-align-center elementor-widget elementor-widget-button\" data-id=\"4fb4fcf\" data-element_type=\"widget\" data-e-type=\"widget\" data-widget_type=\"button.default\">\n\t\t\t\t\t\t\t\t\t\t<a class=\"elementor-button elementor-button-link elementor-size-lg\" href=\"https:\/\/api.whatsapp.com\/send\/?phone=%2B201152961165\">\n\t\t\t\t\t\t<span class=\"elementor-button-content-wrapper\">\n\t\t\t\t\t\t\t\t\t<span class=\"elementor-button-text\">Contactez-nous maintenant<\/span>\n\t\t\t\t\t<\/span>\n\t\t\t\t\t<\/a>\n\t\t\t\t\t\t\t\t<\/div>\n\t\t\t\t<\/div>\n\t\t\t\t<div class=\"elementor-element elementor-element-e626b50 elementor-widget__width-initial elementor-widget-tablet__width-inherit elementor-widget elementor-widget-image\" data-id=\"e626b50\" data-element_type=\"widget\" data-e-type=\"widget\" data-widget_type=\"image.default\">\n\t\t\t\t\t\t\t\t\t\t\t\t\t\t\t<img fetchpriority=\"high\" decoding=\"async\" width=\"740\" height=\"493\" src=\"https:\/\/legendary-johncairo.com\/wp-content\/uploads\/2026\/02\/large-temple-with-columns-blue-sky_681973-229-1.jpg\" class=\"attachment-large size-large wp-image-547\" alt=\"\" srcset=\"https:\/\/legendary-johncairo.com\/wp-content\/uploads\/2026\/02\/large-temple-with-columns-blue-sky_681973-229-1.jpg 740w, https:\/\/legendary-johncairo.com\/wp-content\/uploads\/2026\/02\/large-temple-with-columns-blue-sky_681973-229-1-300x200.jpg 300w\" sizes=\"(max-width: 740px) 100vw, 740px\" \/>\t\t\t\t\t\t\t\t\t\t\t\t\t\t\t<\/div>\n\t\t\t\t<\/div>\n\t\t<div class=\"elementor-element elementor-element-e5571a4 e-con-full e-flex e-con e-parent\" data-id=\"e5571a4\" data-element_type=\"container\" data-e-type=\"container\" data-settings=\"{&quot;background_background&quot;:&quot;classic&quot;}\">\n\t\t\t\t<div class=\"elementor-element elementor-element-8282d83 elementor-widget__width-initial elementor-widget-tablet__width-inherit elementor-widget elementor-widget-image\" data-id=\"8282d83\" data-element_type=\"widget\" data-e-type=\"widget\" data-widget_type=\"image.default\">\n\t\t\t\t\t\t\t\t\t\t\t\t\t\t\t<img decoding=\"async\" width=\"740\" height=\"493\" src=\"https:\/\/legendary-johncairo.com\/wp-content\/uploads\/2026\/02\/hot-air-balloon-realistic-dreamscape_23-2151763038.avif\" class=\"attachment-large size-large wp-image-549\" alt=\"\" srcset=\"https:\/\/legendary-johncairo.com\/wp-content\/uploads\/2026\/02\/hot-air-balloon-realistic-dreamscape_23-2151763038.avif 740w, https:\/\/legendary-johncairo.com\/wp-content\/uploads\/2026\/02\/hot-air-balloon-realistic-dreamscape_23-2151763038-300x200.avif 300w\" sizes=\"(max-width: 740px) 100vw, 740px\" \/>\t\t\t\t\t\t\t\t\t\t\t\t\t\t\t<\/div>\n\t\t<div class=\"elementor-element elementor-element-9cf5980 e-con-full e-flex e-con e-child\" data-id=\"9cf5980\" data-element_type=\"container\" data-e-type=\"container\">\n\t\t\t\t<div class=\"elementor-element elementor-element-b6ec843 elementor-widget elementor-widget-heading\" data-id=\"b6ec843\" data-element_type=\"widget\" data-e-type=\"widget\" data-widget_type=\"heading.default\">\n\t\t\t\t\t<h2 class=\"elementor-heading-title elementor-size-default\">Toutes les visites que nous proposons peuvent \u00eatre des visites priv\u00e9es ou partag\u00e9es<\/h2>\t\t\t\t<\/div>\n\t\t\t\t<div class=\"elementor-element elementor-element-74e3322 elementor-widget elementor-widget-text-editor\" data-id=\"74e3322\" data-element_type=\"widget\" data-e-type=\"widget\" data-widget_type=\"text-editor.default\">\n\t\t\t\t\t\t\t\t\t<p class=\"translation-block\"><strong>Tour en montgolfi\u00e8re de Louxor <\/strong><br><strong>Tour d'Abou Simbel <\/strong><br><strong>Tour du village nubien <\/strong><br><strong>Tours d'Assouan <\/strong><br>Temple de Philae, haut barrage, ob\u00e9lisque inachev\u00e9 <br><strong>Tours de Louxor en Cisjordanie et en Cisjordanie <\/strong><br>\u2022 Tour de Louxor en Cisjordanie\u00a0: Vall\u00e9e des Rois, Vall\u00e9e des Reines, Hatshepsout <br>\u2022 Tour de Louxor en Cisjordanie\u00a0: Temples de Karnak et Louxor<\/p>\t\t\t\t\t\t\t\t<\/div>\n\t\t\t\t<div class=\"elementor-element elementor-element-d6cb55b elementor-mobile-align-center elementor-widget elementor-widget-button\" data-id=\"d6cb55b\" data-element_type=\"widget\" data-e-type=\"widget\" data-widget_type=\"button.default\">\n\t\t\t\t\t\t\t\t\t\t<a class=\"elementor-button elementor-button-link elementor-size-lg\" href=\"https:\/\/api.whatsapp.com\/send\/?phone=%2B201152961165\">\n\t\t\t\t\t\t<span class=\"elementor-button-content-wrapper\">\n\t\t\t\t\t\t\t\t\t<span class=\"elementor-button-text\">Contactez-nous maintenant<\/span>\n\t\t\t\t\t<\/span>\n\t\t\t\t\t<\/a>\n\t\t\t\t\t\t\t\t<\/div>\n\t\t\t\t<\/div>\n\t\t\t\t<\/div>\n\t\t<div class=\"elementor-element elementor-element-674fbf6d e-con-full e-flex e-con e-parent\" data-id=\"674fbf6d\" data-element_type=\"container\" data-e-type=\"container\" data-settings=\"{&quot;background_background&quot;:&quot;classic&quot;}\">\n\t\t<div class=\"elementor-element elementor-element-597edde0 e-con-full e-flex e-con e-child\" data-id=\"597edde0\" data-element_type=\"container\" data-e-type=\"container\">\n\t\t\t\t<div class=\"elementor-element elementor-element-480248d5 elementor-widget elementor-widget-heading\" data-id=\"480248d5\" data-element_type=\"widget\" data-e-type=\"widget\" data-widget_type=\"heading.default\">\n\t\t\t\t\t<h2 class=\"elementor-heading-title elementor-size-default\">Excursion en felouque au coucher du soleil \u00e0 Assouan<\/h2>\t\t\t\t<\/div>\n\t\t\t\t<div class=\"elementor-element elementor-element-7a46781 elementor-widget elementor-widget-text-editor\" data-id=\"7a46781\" data-element_type=\"widget\" data-e-type=\"widget\" data-widget_type=\"text-editor.default\">\n\t\t\t\t\t\t\t\t\t<p class=\"translation-block\">\u2022 Tombeaux des Nobles <br>\u2022 \u00cele \u00c9l\u00e9phantine <br>\u2022 \u00cele de Kitchner (Jardin Botanique) <br>\u2022 Ancien h\u00f4tel Cataract au coucher du soleil <br><strong>Voyage d'une nuit en felouque <\/strong><br>1 jour, 1 nuit <br>d'Assouan jusqu'\u00e0 Acaba <br>pension compl\u00e8te <br><strong>Voyage de 2 jours en felouque <\/strong><br>2 jours, 2 nuits <br>d'Assouan jusqu'\u00e0 Kom Ombo <br>pension compl\u00e8te <br>transport de Kom Ombo \u00e0 Louxor <br><strong>Excursion de 3 jours en felouque<\/strong> <br>3 jours, 3 nuits <br>d'Assouan jusqu'\u00e0 Gebel el Silsila, <br>pension compl\u00e8te <br>transport au temple d'Edfou et \u00e0 Louxor.<\/p>\t\t\t\t\t\t\t\t<\/div>\n\t\t\t\t<div class=\"elementor-element elementor-element-214abeb4 elementor-mobile-align-center elementor-widget elementor-widget-button\" data-id=\"214abeb4\" data-element_type=\"widget\" data-e-type=\"widget\" data-widget_type=\"button.default\">\n\t\t\t\t\t\t\t\t\t\t<a class=\"elementor-button elementor-button-link elementor-size-lg\" href=\"https:\/\/api.whatsapp.com\/send\/?phone=%2B201152961165\">\n\t\t\t\t\t\t<span class=\"elementor-button-content-wrapper\">\n\t\t\t\t\t\t\t\t\t<span class=\"elementor-button-text\">Contactez-nous maintenant<\/span>\n\t\t\t\t\t<\/span>\n\t\t\t\t\t<\/a>\n\t\t\t\t\t\t\t\t<\/div>\n\t\t\t\t<\/div>\n\t\t\t\t<div class=\"elementor-element elementor-element-7988e059 elementor-widget__width-initial elementor-widget-tablet__width-inherit elementor-widget elementor-widget-image\" data-id=\"7988e059\" data-element_type=\"widget\" data-e-type=\"widget\" data-widget_type=\"image.default\">\n\t\t\t\t\t\t\t\t\t\t\t\t\t\t\t<img decoding=\"async\" width=\"1024\" height=\"576\" src=\"https:\/\/legendary-johncairo.com\/wp-content\/uploads\/2026\/02\/\u0648\u0627\u062f\u0649-\u0627\u0644\u0645\u0644\u0648\u06432-1.jpg\" class=\"attachment-large size-large wp-image-729\" alt=\"\" srcset=\"https:\/\/legendary-johncairo.com\/wp-content\/uploads\/2026\/02\/\u0648\u0627\u062f\u0649-\u0627\u0644\u0645\u0644\u0648\u06432-1.jpg 1024w, https:\/\/legendary-johncairo.com\/wp-content\/uploads\/2026\/02\/\u0648\u0627\u062f\u0649-\u0627\u0644\u0645\u0644\u0648\u06432-1-300x169.jpg 300w, https:\/\/legendary-johncairo.com\/wp-content\/uploads\/2026\/02\/\u0648\u0627\u062f\u0649-\u0627\u0644\u0645\u0644\u0648\u06432-1-768x432.jpg 768w\" sizes=\"(max-width: 1024px) 100vw, 1024px\" \/>\t\t\t\t\t\t\t\t\t\t\t\t\t\t\t<\/div>\n\t\t\t\t<\/div>\n\t\t<div class=\"elementor-element elementor-element-f9292a7 e-con-full e-flex e-con e-parent\" data-id=\"f9292a7\" data-element_type=\"container\" data-e-type=\"container\" data-settings=\"{&quot;background_background&quot;:&quot;classic&quot;}\">\n\t\t\t\t<div class=\"elementor-element elementor-element-27957af elementor-widget__width-initial elementor-widget-tablet__width-inherit elementor-widget elementor-widget-image\" data-id=\"27957af\" data-element_type=\"widget\" data-e-type=\"widget\" data-widget_type=\"image.default\">\n\t\t\t\t\t\t\t\t\t\t\t\t\t\t\t<img loading=\"lazy\" decoding=\"async\" width=\"550\" height=\"309\" src=\"https:\/\/legendary-johncairo.com\/wp-content\/uploads\/2026\/02\/91063-\u062c\u0632\u064a\u0631\u0629-\u0627\u0644\u0646\u0628\u0627\u062a\u0627\u062a-\u0627\u0644\u0646\u0627\u062f\u0631\u0629-\u0641\u0649-\u0623\u0633\u0648\u0627\u0646-15.jpg\" class=\"attachment-large size-large wp-image-725\" alt=\"\" srcset=\"https:\/\/legendary-johncairo.com\/wp-content\/uploads\/2026\/02\/91063-\u062c\u0632\u064a\u0631\u0629-\u0627\u0644\u0646\u0628\u0627\u062a\u0627\u062a-\u0627\u0644\u0646\u0627\u062f\u0631\u0629-\u0641\u0649-\u0623\u0633\u0648\u0627\u0646-15.jpg 550w, https:\/\/legendary-johncairo.com\/wp-content\/uploads\/2026\/02\/91063-\u062c\u0632\u064a\u0631\u0629-\u0627\u0644\u0646\u0628\u0627\u062a\u0627\u062a-\u0627\u0644\u0646\u0627\u062f\u0631\u0629-\u0641\u0649-\u0623\u0633\u0648\u0627\u0646-15-300x169.jpg 300w\" sizes=\"(max-width: 550px) 100vw, 550px\" \/>\t\t\t\t\t\t\t\t\t\t\t\t\t\t\t<\/div>\n\t\t<div class=\"elementor-element elementor-element-d530a7c e-con-full e-flex e-con e-child\" data-id=\"d530a7c\" data-element_type=\"container\" data-e-type=\"container\">\n\t\t\t\t<div class=\"elementor-element elementor-element-e57fa66 elementor-widget elementor-widget-heading\" data-id=\"e57fa66\" data-element_type=\"widget\" data-e-type=\"widget\" data-widget_type=\"heading.default\">\n\t\t\t\t\t<h2 class=\"elementor-heading-title elementor-size-default\">Maison d'h\u00f4tes Dreamland dans le village de Ramadi<\/h2>\t\t\t\t<\/div>\n\t\t\t\t<div class=\"elementor-element elementor-element-681a307 elementor-widget elementor-widget-text-editor\" data-id=\"681a307\" data-element_type=\"widget\" data-e-type=\"widget\" data-widget_type=\"text-editor.default\">\n\t\t\t\t\t\t\t\t\t<p class=\"translation-block\">Profitez de l'hospitalit\u00e9 dans la maison d'h\u00f4tes d'une famille locale dans le village de Ramadi, pr\u00e8s de la ville d'Edfou. <br>Les habitants du village sont tr\u00e8s sympathiques et les visiteurs sont les bienvenus. <br>La maison est tr\u00e8s calme, relaxante et propre. <br>Belles vues magnifiques depuis les fen\u00eatres et la terrasse au 4\u00e8me \u00e9tage. <br>Faites une promenade de 15 minutes jusqu'au Nil <br>Vous pouvez faire une petite promenade en bateau sur le fleuve ou vous baigner sur ses plages. <br>Visitez le d\u00e9sert \u00e0 l'ext\u00e9rieur du village <br>Le village est situ\u00e9 entre 2 temples, le temple d'Edfou au nord et Gebel el Silsila au sud. <br>Si vous d\u00e9cidez de passer de bons moments merveilleux, nous vous recommandons ce petit paradis tranquille. <br>Nous avons un bon service de connexion entre Assouan et Louxor et nous pouvons vous r\u00e9server un h\u00f4tel \u00e0 Assouan et Louxor, un transport ou toute visite s\u00e9par\u00e9e.<\/p>\t\t\t\t\t\t\t\t<\/div>\n\t\t\t\t<div class=\"elementor-element elementor-element-74950bb elementor-mobile-align-center elementor-widget elementor-widget-button\" data-id=\"74950bb\" data-element_type=\"widget\" data-e-type=\"widget\" data-widget_type=\"button.default\">\n\t\t\t\t\t\t\t\t\t\t<a class=\"elementor-button elementor-button-link elementor-size-lg\" href=\"https:\/\/api.whatsapp.com\/send\/?phone=%2B201152961165\">\n\t\t\t\t\t\t<span class=\"elementor-button-content-wrapper\">\n\t\t\t\t\t\t\t\t\t<span class=\"elementor-button-text\">Contactez-nous maintenant<\/span>\n\t\t\t\t\t<\/span>\n\t\t\t\t\t<\/a>\n\t\t\t\t\t\t\t\t<\/div>\n\t\t\t\t<\/div>\n\t\t\t\t<\/div>\n\t\t\t\t<\/div>","protected":false},"excerpt":{"rendered":"<p>Our Tours Nile Cruise from Aswan to Luxor &amp; from Luxor to Aswan Nile Cruise from Aswan to Luxor 3 nights, full board Nile Cruise from Luxor to Aswan 3 nights, full board Optional tours we offer in addition to the Nile Cruises: \u2022 Kom Ombo and Edfu temples visit \u2022 Luxor West Bank tour: [&hellip;]<\/p>\n","protected":false},"author":1,"featured_media":0,"parent":0,"menu_order":0,"comment_status":"closed","ping_status":"closed","template":"elementor_header_footer","meta":{"footnotes":""},"class_list":["post-437","page","type-page","status-publish","hentry"],"blocksy_meta":[],"_links":{"self":[{"href":"https:\/\/legendary-johncairo.com\/fr\/wp-json\/wp\/v2\/pages\/437","targetHints":{"allow":["GET"]}}],"collection":[{"href":"https:\/\/legendary-johncairo.com\/fr\/wp-json\/wp\/v2\/pages"}],"about":[{"href":"https:\/\/legendary-johncairo.com\/fr\/wp-json\/wp\/v2\/types\/page"}],"author":[{"embeddable":true,"href":"https:\/\/legendary-johncairo.com\/fr\/wp-json\/wp\/v2\/users\/1"}],"replies":[{"embeddable":true,"href":"https:\/\/legendary-johncairo.com\/fr\/wp-json\/wp\/v2\/comments?post=437"}],"version-history":[{"count":52,"href":"https:\/\/legendary-johncairo.com\/fr\/wp-json\/wp\/v2\/pages\/437\/revisions"}],"predecessor-version":[{"id":732,"href":"https:\/\/legendary-johncairo.com\/fr\/wp-json\/wp\/v2\/pages\/437\/revisions\/732"}],"wp:attachment":[{"href":"https:\/\/legendary-johncairo.com\/fr\/wp-json\/wp\/v2\/media?parent=437"}],"curies":[{"name":"wp","href":"https:\/\/api.w.org\/{rel}","templated":true}]}}