{"id":588,"date":"2026-02-07T15:13:39","date_gmt":"2026-02-07T15:13:39","guid":{"rendered":"https:\/\/feluccatour.mohamedmokhtar.net\/?page_id=588"},"modified":"2026-02-21T14:00:47","modified_gmt":"2026-02-21T14:00:47","slug":"nile-cruise","status":"publish","type":"page","link":"https:\/\/legendary-johncairo.com\/fr\/nile-cruise\/","title":{"rendered":"Croisi\u00e8re sur le Nil"},"content":{"rendered":"<div data-elementor-type=\"wp-page\" data-elementor-id=\"588\" class=\"elementor elementor-588\">\n\t\t\t\t\t\t<section class=\"elementor-section elementor-top-section elementor-element elementor-element-5d8b45d ct-section-stretched elementor-section-boxed elementor-section-height-default elementor-section-height-default\" data-id=\"5d8b45d\" data-element_type=\"section\" data-e-type=\"section\" data-settings=\"{&quot;background_background&quot;:&quot;classic&quot;}\">\n\t\t\t\t\t\t\t<div class=\"elementor-background-overlay\"><\/div>\n\t\t\t\t\t\t\t<div class=\"elementor-container elementor-column-gap-default\">\n\t\t\t\t\t<div class=\"elementor-column elementor-col-100 elementor-top-column elementor-element elementor-element-796b609c\" data-id=\"796b609c\" data-element_type=\"column\" data-e-type=\"column\">\n\t\t\t<div class=\"elementor-widget-wrap elementor-element-populated\">\n\t\t\t\t\t\t<div class=\"elementor-element elementor-element-728bf843 elementor-widget elementor-widget-heading\" data-id=\"728bf843\" data-element_type=\"widget\" data-e-type=\"widget\" data-widget_type=\"heading.default\">\n\t\t\t\t\t<h2 class=\"elementor-heading-title elementor-size-default\">Croisi\u00e8re sur le Nil<\/h2>\t\t\t\t<\/div>\n\t\t\t\t<div class=\"elementor-element elementor-element-1203c64d elementor-widget__width-initial elementor-widget-tablet__width-inherit elementor-hidden-desktop elementor-hidden-tablet elementor-hidden-mobile elementor-widget elementor-widget-text-editor\" data-id=\"1203c64d\" data-element_type=\"widget\" data-e-type=\"widget\" data-widget_type=\"text-editor.default\">\n\t\t\t\t\t\t\t\t\t<p>Commencez votre aventure intemporelle sur le Nil d\u00e8s aujourd'hui. Votre voyage au c\u0153ur de l\u2019\u00c9gypte ancienne n\u2019est qu\u2019un message.<\/p>\t\t\t\t\t\t\t\t<\/div>\n\t\t\t\t\t<\/div>\n\t\t<\/div>\n\t\t\t\t\t<\/div>\n\t\t<\/section>\n\t\t<div class=\"elementor-element elementor-element-7b7cd3a e-flex e-con-boxed e-con e-parent\" data-id=\"7b7cd3a\" data-element_type=\"container\" data-e-type=\"container\">\n\t\t\t\t\t<div class=\"e-con-inner\">\n\t\t<div class=\"elementor-element elementor-element-3ecdc42 e-con-full e-flex e-con e-child\" data-id=\"3ecdc42\" data-element_type=\"container\" data-e-type=\"container\">\n\t\t<div class=\"elementor-element elementor-element-1ac02adf e-con-full e-flex e-con e-child\" data-id=\"1ac02adf\" data-element_type=\"container\" data-e-type=\"container\">\n\t\t\t\t<div class=\"elementor-element elementor-element-3488b2cf elementor-widget elementor-widget-image\" data-id=\"3488b2cf\" data-element_type=\"widget\" data-e-type=\"widget\" data-widget_type=\"image.default\">\n\t\t\t\t\t\t\t\t\t\t\t\t\t\t\t<img fetchpriority=\"high\" decoding=\"async\" width=\"768\" height=\"1024\" src=\"https:\/\/legendary-johncairo.com\/wp-content\/uploads\/2026\/02\/WhatsApp-Image-2026-01-26-at-12.08.45-AM-768x1024.jpeg\" class=\"attachment-large size-large wp-image-655\" alt=\"\" srcset=\"https:\/\/legendary-johncairo.com\/wp-content\/uploads\/2026\/02\/WhatsApp-Image-2026-01-26-at-12.08.45-AM-768x1024.jpeg 768w, https:\/\/legendary-johncairo.com\/wp-content\/uploads\/2026\/02\/WhatsApp-Image-2026-01-26-at-12.08.45-AM-225x300.jpeg 225w, https:\/\/legendary-johncairo.com\/wp-content\/uploads\/2026\/02\/WhatsApp-Image-2026-01-26-at-12.08.45-AM-1152x1536.jpeg 1152w, https:\/\/legendary-johncairo.com\/wp-content\/uploads\/2026\/02\/WhatsApp-Image-2026-01-26-at-12.08.45-AM.jpeg 1200w\" sizes=\"(max-width: 768px) 100vw, 768px\" \/>\t\t\t\t\t\t\t\t\t\t\t\t\t\t\t<\/div>\n\t\t\t\t<div class=\"elementor-element elementor-element-2bda7570 elementor-widget elementor-widget-image\" data-id=\"2bda7570\" data-element_type=\"widget\" data-e-type=\"widget\" data-widget_type=\"image.default\">\n\t\t\t\t\t\t\t\t\t\t\t\t\t\t\t<img decoding=\"async\" width=\"720\" height=\"540\" src=\"https:\/\/legendary-johncairo.com\/wp-content\/uploads\/2026\/02\/WhatsApp-Image-2026-01-26-at-12.08.54-AM.jpeg\" class=\"attachment-large size-large wp-image-657\" alt=\"\" srcset=\"https:\/\/legendary-johncairo.com\/wp-content\/uploads\/2026\/02\/WhatsApp-Image-2026-01-26-at-12.08.54-AM.jpeg 720w, https:\/\/legendary-johncairo.com\/wp-content\/uploads\/2026\/02\/WhatsApp-Image-2026-01-26-at-12.08.54-AM-300x225.jpeg 300w\" sizes=\"(max-width: 720px) 100vw, 720px\" \/>\t\t\t\t\t\t\t\t\t\t\t\t\t\t\t<\/div>\n\t\t\t\t<\/div>\n\t\t<div class=\"elementor-element elementor-element-31d0d72a e-con-full e-flex e-con e-child\" data-id=\"31d0d72a\" data-element_type=\"container\" data-e-type=\"container\">\n\t\t\t\t<div class=\"elementor-element elementor-element-21390e34 elementor-widget elementor-widget-image\" data-id=\"21390e34\" data-element_type=\"widget\" data-e-type=\"widget\" data-widget_type=\"image.default\">\n\t\t\t\t\t\t\t\t\t\t\t\t\t\t\t<img decoding=\"async\" width=\"1024\" height=\"768\" src=\"https:\/\/legendary-johncairo.com\/wp-content\/uploads\/2026\/02\/WhatsApp-Image-2026-01-26-at-1.09.18-AM-1024x768.jpeg\" class=\"attachment-large size-large wp-image-656\" alt=\"\" srcset=\"https:\/\/legendary-johncairo.com\/wp-content\/uploads\/2026\/02\/WhatsApp-Image-2026-01-26-at-1.09.18-AM-1024x768.jpeg 1024w, https:\/\/legendary-johncairo.com\/wp-content\/uploads\/2026\/02\/WhatsApp-Image-2026-01-26-at-1.09.18-AM-300x225.jpeg 300w, https:\/\/legendary-johncairo.com\/wp-content\/uploads\/2026\/02\/WhatsApp-Image-2026-01-26-at-1.09.18-AM-768x576.jpeg 768w, https:\/\/legendary-johncairo.com\/wp-content\/uploads\/2026\/02\/WhatsApp-Image-2026-01-26-at-1.09.18-AM-1536x1153.jpeg 1536w, https:\/\/legendary-johncairo.com\/wp-content\/uploads\/2026\/02\/WhatsApp-Image-2026-01-26-at-1.09.18-AM.jpeg 1599w\" sizes=\"(max-width: 1024px) 100vw, 1024px\" \/>\t\t\t\t\t\t\t\t\t\t\t\t\t\t\t<\/div>\n\t\t\t\t<div class=\"elementor-element elementor-element-28462560 elementor-widget elementor-widget-image\" data-id=\"28462560\" data-element_type=\"widget\" data-e-type=\"widget\" data-widget_type=\"image.default\">\n\t\t\t\t\t\t\t\t\t\t\t\t\t\t\t<img loading=\"lazy\" decoding=\"async\" width=\"720\" height=\"960\" src=\"https:\/\/legendary-johncairo.com\/wp-content\/uploads\/2026\/02\/WhatsApp-Image-2026-01-26-at-12.07.18-AM-4.jpeg\" class=\"attachment-large size-large wp-image-659\" alt=\"\" srcset=\"https:\/\/legendary-johncairo.com\/wp-content\/uploads\/2026\/02\/WhatsApp-Image-2026-01-26-at-12.07.18-AM-4.jpeg 720w, https:\/\/legendary-johncairo.com\/wp-content\/uploads\/2026\/02\/WhatsApp-Image-2026-01-26-at-12.07.18-AM-4-225x300.jpeg 225w\" sizes=\"(max-width: 720px) 100vw, 720px\" \/>\t\t\t\t\t\t\t\t\t\t\t\t\t\t\t<\/div>\n\t\t\t\t<\/div>\n\t\t\t\t<\/div>\n\t\t<div class=\"elementor-element elementor-element-78b118bc e-con-full e-flex e-con e-child\" data-id=\"78b118bc\" data-element_type=\"container\" data-e-type=\"container\">\n\t\t\t\t<div class=\"elementor-element elementor-element-8bf73ac elementor-widget elementor-widget-heading\" data-id=\"8bf73ac\" data-element_type=\"widget\" data-e-type=\"widget\" data-widget_type=\"heading.default\">\n\t\t\t\t\t<h3 class=\"elementor-heading-title elementor-size-default\">Croisi\u00e8re sur le Nil d'Assouan \u00e0 Louxor et de Louxor \u00e0 Assouan<\/h3>\t\t\t\t<\/div>\n\t\t\t\t<div class=\"elementor-element elementor-element-254b6042 elementor-widget elementor-widget-text-editor\" data-id=\"254b6042\" data-element_type=\"widget\" data-e-type=\"widget\" data-widget_type=\"text-editor.default\">\n\t\t\t\t\t\t\t\t\t<p class=\"translation-block\"><strong>Croisi\u00e8re sur le Nil d'Assouan \u00e0 Louxor<\/strong> <br>3 nuits en pension compl\u00e8te <br><strong>Croisi\u00e8re sur le Nil de Louxor \u00e0 Assouan<\/strong> <br>3 nuits en pension compl\u00e8te <br>Tours optionnels que nous proposons en plus des croisi\u00e8res sur le Nil\u00a0: <br>\u2022 Visite des temples de Kom Ombo et d'Edfou <br>\u2022 Tour de Louxor en Cisjordanie\u00a0: Vall\u00e9e des Rois, Vall\u00e9e des Reines, Hatshepsout <br>\u2022 Tour de la rive est de Louxor\u00a0: Temples de Karnak et de Louxor <br>\u2022 Visite en montgolfi\u00e8re de Louxor <br>\u2022 Temple de Philae, Abou Simbel, haut barrage, <br>\u2022 Ob\u00e9lisque inachev\u00e9 (le plus grand ob\u00e9lisque ancien connu) <br>\u2022 Visite du village nubien (histoire et culture nubiennes)<\/p>\t\t\t\t\t\t\t\t<\/div>\n\t\t\t\t<div class=\"elementor-element elementor-element-267b7cdd elementor-mobile-align-center elementor-widget elementor-widget-button\" data-id=\"267b7cdd\" data-element_type=\"widget\" data-e-type=\"widget\" data-widget_type=\"button.default\">\n\t\t\t\t\t\t\t\t\t\t<a class=\"elementor-button elementor-button-link elementor-size-lg\" href=\"https:\/\/api.whatsapp.com\/send\/?phone=%2B201152961165\">\n\t\t\t\t\t\t<span class=\"elementor-button-content-wrapper\">\n\t\t\t\t\t\t\t\t\t<span class=\"elementor-button-text\">R\u00e9servez maintenant<\/span>\n\t\t\t\t\t<\/span>\n\t\t\t\t\t<\/a>\n\t\t\t\t\t\t\t\t<\/div>\n\t\t\t\t<\/div>\n\t\t\t\t\t<\/div>\n\t\t\t\t<\/div>\n\t\t\t\t<\/div>","protected":false},"excerpt":{"rendered":"<p>Nile Cruise Start Your Timeless Nile Adventure Today. Your journey to the heart of Ancient Egypt is just a message away. Nile Cruise from Aswan to Luxor &amp; from Luxor to Aswan Nile Cruise from Aswan to Luxor 3 nights, full board Nile Cruise from Luxor to Aswan 3 nights, full board Optional tours we [&hellip;]<\/p>\n","protected":false},"author":1,"featured_media":0,"parent":0,"menu_order":0,"comment_status":"closed","ping_status":"closed","template":"elementor_header_footer","meta":{"footnotes":""},"class_list":["post-588","page","type-page","status-publish","hentry"],"blocksy_meta":[],"_links":{"self":[{"href":"https:\/\/legendary-johncairo.com\/fr\/wp-json\/wp\/v2\/pages\/588","targetHints":{"allow":["GET"]}}],"collection":[{"href":"https:\/\/legendary-johncairo.com\/fr\/wp-json\/wp\/v2\/pages"}],"about":[{"href":"https:\/\/legendary-johncairo.com\/fr\/wp-json\/wp\/v2\/types\/page"}],"author":[{"embeddable":true,"href":"https:\/\/legendary-johncairo.com\/fr\/wp-json\/wp\/v2\/users\/1"}],"replies":[{"embeddable":true,"href":"https:\/\/legendary-johncairo.com\/fr\/wp-json\/wp\/v2\/comments?post=588"}],"version-history":[{"count":25,"href":"https:\/\/legendary-johncairo.com\/fr\/wp-json\/wp\/v2\/pages\/588\/revisions"}],"predecessor-version":[{"id":746,"href":"https:\/\/legendary-johncairo.com\/fr\/wp-json\/wp\/v2\/pages\/588\/revisions\/746"}],"wp:attachment":[{"href":"https:\/\/legendary-johncairo.com\/fr\/wp-json\/wp\/v2\/media?parent=588"}],"curies":[{"name":"wp","href":"https:\/\/api.w.org\/{rel}","templated":true}]}}