{"id":590,"date":"2026-02-07T15:14:47","date_gmt":"2026-02-07T15:14:47","guid":{"rendered":"https:\/\/feluccatour.mohamedmokhtar.net\/?page_id=590"},"modified":"2026-02-21T14:02:20","modified_gmt":"2026-02-21T14:02:20","slug":"hot-air-balloon","status":"publish","type":"page","link":"https:\/\/legendary-johncairo.com\/fr\/hot-air-balloon\/","title":{"rendered":"Montgolfi\u00e8re"},"content":{"rendered":"<div data-elementor-type=\"wp-page\" data-elementor-id=\"590\" class=\"elementor elementor-590\">\n\t\t\t\t\t\t<section class=\"elementor-section elementor-top-section elementor-element elementor-element-62ba9eae ct-section-stretched elementor-section-boxed elementor-section-height-default elementor-section-height-default\" data-id=\"62ba9eae\" data-element_type=\"section\" data-e-type=\"section\" data-settings=\"{&quot;background_background&quot;:&quot;classic&quot;}\">\n\t\t\t\t\t\t\t<div class=\"elementor-background-overlay\"><\/div>\n\t\t\t\t\t\t\t<div class=\"elementor-container elementor-column-gap-default\">\n\t\t\t\t\t<div class=\"elementor-column elementor-col-100 elementor-top-column elementor-element elementor-element-1dc35ff\" data-id=\"1dc35ff\" data-element_type=\"column\" data-e-type=\"column\">\n\t\t\t<div class=\"elementor-widget-wrap elementor-element-populated\">\n\t\t\t\t\t\t<div class=\"elementor-element elementor-element-1a58a3d7 elementor-widget elementor-widget-heading\" data-id=\"1a58a3d7\" data-element_type=\"widget\" data-e-type=\"widget\" data-widget_type=\"heading.default\">\n\t\t\t\t\t<h2 class=\"elementor-heading-title elementor-size-default\">Montgolfi\u00e8re<\/h2>\t\t\t\t<\/div>\n\t\t\t\t<div class=\"elementor-element elementor-element-79e0e93c elementor-widget__width-initial elementor-widget-tablet__width-inherit elementor-hidden-desktop elementor-hidden-tablet elementor-hidden-mobile elementor-widget elementor-widget-text-editor\" data-id=\"79e0e93c\" data-element_type=\"widget\" data-e-type=\"widget\" data-widget_type=\"text-editor.default\">\n\t\t\t\t\t\t\t\t\t<p>Commencez votre aventure intemporelle sur le Nil d\u00e8s aujourd'hui. Votre voyage au c\u0153ur de l\u2019\u00c9gypte ancienne n\u2019est qu\u2019un message.<\/p>\t\t\t\t\t\t\t\t<\/div>\n\t\t\t\t\t<\/div>\n\t\t<\/div>\n\t\t\t\t\t<\/div>\n\t\t<\/section>\n\t\t<div class=\"elementor-element elementor-element-6f58dc74 e-flex e-con-boxed e-con e-parent\" data-id=\"6f58dc74\" data-element_type=\"container\" data-e-type=\"container\">\n\t\t\t\t\t<div class=\"e-con-inner\">\n\t\t<div class=\"elementor-element elementor-element-62519d2b e-con-full e-flex e-con e-child\" data-id=\"62519d2b\" data-element_type=\"container\" data-e-type=\"container\">\n\t\t<div class=\"elementor-element elementor-element-10008e2f e-con-full e-flex e-con e-child\" data-id=\"10008e2f\" data-element_type=\"container\" data-e-type=\"container\">\n\t\t\t\t<div class=\"elementor-element elementor-element-14f7fcbc elementor-widget elementor-widget-image\" data-id=\"14f7fcbc\" data-element_type=\"widget\" data-e-type=\"widget\" data-widget_type=\"image.default\">\n\t\t\t\t\t\t\t\t\t\t\t\t\t\t\t<img fetchpriority=\"high\" decoding=\"async\" width=\"720\" height=\"960\" src=\"https:\/\/legendary-johncairo.com\/wp-content\/uploads\/2026\/02\/WhatsApp-Image-2026-01-26-at-1.09.17-AM-2.jpeg\" class=\"attachment-large size-large wp-image-668\" alt=\"\" srcset=\"https:\/\/legendary-johncairo.com\/wp-content\/uploads\/2026\/02\/WhatsApp-Image-2026-01-26-at-1.09.17-AM-2.jpeg 720w, https:\/\/legendary-johncairo.com\/wp-content\/uploads\/2026\/02\/WhatsApp-Image-2026-01-26-at-1.09.17-AM-2-225x300.jpeg 225w\" sizes=\"(max-width: 720px) 100vw, 720px\" \/>\t\t\t\t\t\t\t\t\t\t\t\t\t\t\t<\/div>\n\t\t\t\t<div class=\"elementor-element elementor-element-44070087 elementor-widget elementor-widget-image\" data-id=\"44070087\" data-element_type=\"widget\" data-e-type=\"widget\" data-widget_type=\"image.default\">\n\t\t\t\t\t\t\t\t\t\t\t\t\t\t\t<img decoding=\"async\" width=\"720\" height=\"540\" src=\"https:\/\/legendary-johncairo.com\/wp-content\/uploads\/2026\/02\/WhatsApp-Image-2026-01-26-at-12.14.31-AM.jpeg\" class=\"attachment-large size-large wp-image-670\" alt=\"\" srcset=\"https:\/\/legendary-johncairo.com\/wp-content\/uploads\/2026\/02\/WhatsApp-Image-2026-01-26-at-12.14.31-AM.jpeg 720w, https:\/\/legendary-johncairo.com\/wp-content\/uploads\/2026\/02\/WhatsApp-Image-2026-01-26-at-12.14.31-AM-300x225.jpeg 300w\" sizes=\"(max-width: 720px) 100vw, 720px\" \/>\t\t\t\t\t\t\t\t\t\t\t\t\t\t\t<\/div>\n\t\t\t\t<\/div>\n\t\t<div class=\"elementor-element elementor-element-5b18ec37 e-con-full e-flex e-con e-child\" data-id=\"5b18ec37\" data-element_type=\"container\" data-e-type=\"container\">\n\t\t\t\t<div class=\"elementor-element elementor-element-52220a9 elementor-widget elementor-widget-image\" data-id=\"52220a9\" data-element_type=\"widget\" data-e-type=\"widget\" data-widget_type=\"image.default\">\n\t\t\t\t\t\t\t\t\t\t\t\t\t\t\t<img decoding=\"async\" width=\"1024\" height=\"768\" src=\"https:\/\/legendary-johncairo.com\/wp-content\/uploads\/2026\/02\/WhatsApp-Image-2026-01-26-at-12.07.19-AM-1024x768.jpeg\" class=\"attachment-large size-large wp-image-658\" alt=\"\" srcset=\"https:\/\/legendary-johncairo.com\/wp-content\/uploads\/2026\/02\/WhatsApp-Image-2026-01-26-at-12.07.19-AM-1024x768.jpeg 1024w, https:\/\/legendary-johncairo.com\/wp-content\/uploads\/2026\/02\/WhatsApp-Image-2026-01-26-at-12.07.19-AM-300x225.jpeg 300w, https:\/\/legendary-johncairo.com\/wp-content\/uploads\/2026\/02\/WhatsApp-Image-2026-01-26-at-12.07.19-AM-768x576.jpeg 768w, https:\/\/legendary-johncairo.com\/wp-content\/uploads\/2026\/02\/WhatsApp-Image-2026-01-26-at-12.07.19-AM.jpeg 1280w\" sizes=\"(max-width: 1024px) 100vw, 1024px\" \/>\t\t\t\t\t\t\t\t\t\t\t\t\t\t\t<\/div>\n\t\t\t\t<div class=\"elementor-element elementor-element-65d564f8 elementor-widget elementor-widget-image\" data-id=\"65d564f8\" data-element_type=\"widget\" data-e-type=\"widget\" data-widget_type=\"image.default\">\n\t\t\t\t\t\t\t\t\t\t\t\t\t\t\t<img loading=\"lazy\" decoding=\"async\" width=\"720\" height=\"960\" src=\"https:\/\/legendary-johncairo.com\/wp-content\/uploads\/2026\/02\/WhatsApp-Image-2026-01-26-at-1.09.17-AM-1.jpeg\" class=\"attachment-large size-large wp-image-669\" alt=\"\" srcset=\"https:\/\/legendary-johncairo.com\/wp-content\/uploads\/2026\/02\/WhatsApp-Image-2026-01-26-at-1.09.17-AM-1.jpeg 720w, https:\/\/legendary-johncairo.com\/wp-content\/uploads\/2026\/02\/WhatsApp-Image-2026-01-26-at-1.09.17-AM-1-225x300.jpeg 225w\" sizes=\"(max-width: 720px) 100vw, 720px\" \/>\t\t\t\t\t\t\t\t\t\t\t\t\t\t\t<\/div>\n\t\t\t\t<\/div>\n\t\t\t\t<\/div>\n\t\t<div class=\"elementor-element elementor-element-70aab7f2 e-con-full e-flex e-con e-child\" data-id=\"70aab7f2\" data-element_type=\"container\" data-e-type=\"container\">\n\t\t\t\t<div class=\"elementor-element elementor-element-257ad5ae elementor-widget elementor-widget-heading\" data-id=\"257ad5ae\" data-element_type=\"widget\" data-e-type=\"widget\" data-widget_type=\"heading.default\">\n\t\t\t\t\t<h3 class=\"elementor-heading-title elementor-size-default\">Toutes les visites que nous proposons peuvent \u00eatre des visites priv\u00e9es ou partag\u00e9es<\/h3>\t\t\t\t<\/div>\n\t\t\t\t<div class=\"elementor-element elementor-element-dc10fe9 elementor-widget elementor-widget-text-editor\" data-id=\"dc10fe9\" data-element_type=\"widget\" data-e-type=\"widget\" data-widget_type=\"text-editor.default\">\n\t\t\t\t\t\t\t\t\t<p class=\"translation-block\"><strong>Tour en montgolfi\u00e8re de Louxor <\/strong><br><strong>Tour d'Abou Simbel <\/strong><br><strong>Tour du village nubien <\/strong><br><strong>Tours d'Assouan <\/strong><br>Temple de Philae, haut barrage, ob\u00e9lisque inachev\u00e9 <br><strong>Tours de Louxor en Cisjordanie et en Cisjordanie <\/strong><br>\u2022 Tour de Louxor en Cisjordanie\u00a0: Vall\u00e9e des Rois, Vall\u00e9e des Reines, Hatshepsout <br>\u2022 Tour de Louxor en Cisjordanie\u00a0: Temples de Karnak et Louxor<\/p>\t\t\t\t\t\t\t\t<\/div>\n\t\t\t\t<div class=\"elementor-element elementor-element-33e4ef17 elementor-mobile-align-center elementor-widget elementor-widget-button\" data-id=\"33e4ef17\" data-element_type=\"widget\" data-e-type=\"widget\" data-widget_type=\"button.default\">\n\t\t\t\t\t\t\t\t\t\t<a class=\"elementor-button elementor-button-link elementor-size-lg\" href=\"https:\/\/api.whatsapp.com\/send\/?phone=%2B201152961165\">\n\t\t\t\t\t\t<span class=\"elementor-button-content-wrapper\">\n\t\t\t\t\t\t\t\t\t<span class=\"elementor-button-text\">R\u00e9servez maintenant<\/span>\n\t\t\t\t\t<\/span>\n\t\t\t\t\t<\/a>\n\t\t\t\t\t\t\t\t<\/div>\n\t\t\t\t<\/div>\n\t\t\t\t\t<\/div>\n\t\t\t\t<\/div>\n\t\t\t\t<\/div>","protected":false},"excerpt":{"rendered":"<p>Hot Air Balloon Start Your Timeless Nile Adventure Today. Your journey to the heart of Ancient Egypt is just a message away. All tours we offer can be private or sharing tours Luxor Hot Air Balloon Tour Abu Simbel Tour Nubian Village Tour Aswan Tours Philae temple, High Dam, Unfinished Obelisk Luxor East &amp; West [&hellip;]<\/p>\n","protected":false},"author":1,"featured_media":0,"parent":0,"menu_order":0,"comment_status":"closed","ping_status":"closed","template":"elementor_header_footer","meta":{"footnotes":""},"class_list":["post-590","page","type-page","status-publish","hentry"],"blocksy_meta":[],"_links":{"self":[{"href":"https:\/\/legendary-johncairo.com\/fr\/wp-json\/wp\/v2\/pages\/590","targetHints":{"allow":["GET"]}}],"collection":[{"href":"https:\/\/legendary-johncairo.com\/fr\/wp-json\/wp\/v2\/pages"}],"about":[{"href":"https:\/\/legendary-johncairo.com\/fr\/wp-json\/wp\/v2\/types\/page"}],"author":[{"embeddable":true,"href":"https:\/\/legendary-johncairo.com\/fr\/wp-json\/wp\/v2\/users\/1"}],"replies":[{"embeddable":true,"href":"https:\/\/legendary-johncairo.com\/fr\/wp-json\/wp\/v2\/comments?post=590"}],"version-history":[{"count":16,"href":"https:\/\/legendary-johncairo.com\/fr\/wp-json\/wp\/v2\/pages\/590\/revisions"}],"predecessor-version":[{"id":749,"href":"https:\/\/legendary-johncairo.com\/fr\/wp-json\/wp\/v2\/pages\/590\/revisions\/749"}],"wp:attachment":[{"href":"https:\/\/legendary-johncairo.com\/fr\/wp-json\/wp\/v2\/media?parent=590"}],"curies":[{"name":"wp","href":"https:\/\/api.w.org\/{rel}","templated":true}]}}