{"id":595,"date":"2026-02-07T15:17:21","date_gmt":"2026-02-07T15:17:21","guid":{"rendered":"https:\/\/feluccatour.mohamedmokhtar.net\/?page_id=595"},"modified":"2026-02-21T14:42:53","modified_gmt":"2026-02-21T14:42:53","slug":"dreamland-guesthouse","status":"publish","type":"page","link":"https:\/\/legendary-johncairo.com\/fr\/dreamland-guesthouse\/","title":{"rendered":"Maison d'h\u00f4tes Dreamland"},"content":{"rendered":"<div data-elementor-type=\"wp-page\" data-elementor-id=\"595\" class=\"elementor elementor-595\">\n\t\t\t\t\t\t<section class=\"elementor-section elementor-top-section elementor-element elementor-element-1eceb98e ct-section-stretched elementor-section-boxed elementor-section-height-default elementor-section-height-default\" data-id=\"1eceb98e\" data-element_type=\"section\" data-e-type=\"section\" data-settings=\"{&quot;background_background&quot;:&quot;classic&quot;}\">\n\t\t\t\t\t\t\t<div class=\"elementor-background-overlay\"><\/div>\n\t\t\t\t\t\t\t<div class=\"elementor-container elementor-column-gap-default\">\n\t\t\t\t\t<div class=\"elementor-column elementor-col-100 elementor-top-column elementor-element elementor-element-560509f4\" data-id=\"560509f4\" data-element_type=\"column\" data-e-type=\"column\">\n\t\t\t<div class=\"elementor-widget-wrap elementor-element-populated\">\n\t\t\t\t\t\t<div class=\"elementor-element elementor-element-436b07df elementor-widget elementor-widget-heading\" data-id=\"436b07df\" data-element_type=\"widget\" data-e-type=\"widget\" data-widget_type=\"heading.default\">\n\t\t\t\t\t<h2 class=\"elementor-heading-title elementor-size-default\">Maison d'h\u00f4tes Dreamland<\/h2>\t\t\t\t<\/div>\n\t\t\t\t<div class=\"elementor-element elementor-element-555dec65 elementor-widget__width-initial elementor-widget-tablet__width-inherit elementor-hidden-desktop elementor-hidden-tablet elementor-hidden-mobile elementor-widget elementor-widget-text-editor\" data-id=\"555dec65\" data-element_type=\"widget\" data-e-type=\"widget\" data-widget_type=\"text-editor.default\">\n\t\t\t\t\t\t\t\t\t<p>Commencez votre aventure intemporelle sur le Nil d\u00e8s aujourd'hui. Votre voyage au c\u0153ur de l\u2019\u00c9gypte ancienne n\u2019est qu\u2019un message.<\/p>\t\t\t\t\t\t\t\t<\/div>\n\t\t\t\t\t<\/div>\n\t\t<\/div>\n\t\t\t\t\t<\/div>\n\t\t<\/section>\n\t\t<div class=\"elementor-element elementor-element-cb8fe63 e-flex e-con-boxed e-con e-parent\" data-id=\"cb8fe63\" data-element_type=\"container\" data-e-type=\"container\">\n\t\t\t\t\t<div class=\"e-con-inner\">\n\t\t<div class=\"elementor-element elementor-element-4cb69594 e-con-full e-flex e-con e-child\" data-id=\"4cb69594\" data-element_type=\"container\" data-e-type=\"container\">\n\t\t<div class=\"elementor-element elementor-element-f26d907 e-con-full e-flex e-con e-child\" data-id=\"f26d907\" data-element_type=\"container\" data-e-type=\"container\">\n\t\t\t\t<div class=\"elementor-element elementor-element-56a28a6e elementor-widget elementor-widget-image\" data-id=\"56a28a6e\" data-element_type=\"widget\" data-e-type=\"widget\" data-widget_type=\"image.default\">\n\t\t\t\t\t\t\t\t\t\t\t\t\t\t\t<img fetchpriority=\"high\" decoding=\"async\" width=\"1024\" height=\"576\" src=\"https:\/\/legendary-johncairo.com\/wp-content\/uploads\/2026\/02\/WhatsApp-Image-2026-02-21-at-11.36.32-AM-1-1024x576.jpeg\" class=\"attachment-large size-large wp-image-772\" alt=\"\" srcset=\"https:\/\/legendary-johncairo.com\/wp-content\/uploads\/2026\/02\/WhatsApp-Image-2026-02-21-at-11.36.32-AM-1-1024x576.jpeg 1024w, https:\/\/legendary-johncairo.com\/wp-content\/uploads\/2026\/02\/WhatsApp-Image-2026-02-21-at-11.36.32-AM-1-300x169.jpeg 300w, https:\/\/legendary-johncairo.com\/wp-content\/uploads\/2026\/02\/WhatsApp-Image-2026-02-21-at-11.36.32-AM-1-768x432.jpeg 768w, https:\/\/legendary-johncairo.com\/wp-content\/uploads\/2026\/02\/WhatsApp-Image-2026-02-21-at-11.36.32-AM-1-1536x864.jpeg 1536w, https:\/\/legendary-johncairo.com\/wp-content\/uploads\/2026\/02\/WhatsApp-Image-2026-02-21-at-11.36.32-AM-1.jpeg 1600w\" sizes=\"(max-width: 1024px) 100vw, 1024px\" \/>\t\t\t\t\t\t\t\t\t\t\t\t\t\t\t<\/div>\n\t\t\t\t<div class=\"elementor-element elementor-element-2c38b746 elementor-widget elementor-widget-image\" data-id=\"2c38b746\" data-element_type=\"widget\" data-e-type=\"widget\" data-widget_type=\"image.default\">\n\t\t\t\t\t\t\t\t\t\t\t\t\t\t\t<img decoding=\"async\" width=\"576\" height=\"1024\" src=\"https:\/\/legendary-johncairo.com\/wp-content\/uploads\/2026\/02\/WhatsApp-Image-2026-01-26-at-1.08.14-AM-576x1024.jpeg\" class=\"attachment-large size-large wp-image-687\" alt=\"\" srcset=\"https:\/\/legendary-johncairo.com\/wp-content\/uploads\/2026\/02\/WhatsApp-Image-2026-01-26-at-1.08.14-AM-576x1024.jpeg 576w, https:\/\/legendary-johncairo.com\/wp-content\/uploads\/2026\/02\/WhatsApp-Image-2026-01-26-at-1.08.14-AM-169x300.jpeg 169w, https:\/\/legendary-johncairo.com\/wp-content\/uploads\/2026\/02\/WhatsApp-Image-2026-01-26-at-1.08.14-AM.jpeg 720w\" sizes=\"(max-width: 576px) 100vw, 576px\" \/>\t\t\t\t\t\t\t\t\t\t\t\t\t\t\t<\/div>\n\t\t\t\t<\/div>\n\t\t<div class=\"elementor-element elementor-element-da67cf4 e-con-full e-flex e-con e-child\" data-id=\"da67cf4\" data-element_type=\"container\" data-e-type=\"container\">\n\t\t\t\t<div class=\"elementor-element elementor-element-4115cae elementor-widget elementor-widget-image\" data-id=\"4115cae\" data-element_type=\"widget\" data-e-type=\"widget\" data-widget_type=\"image.default\">\n\t\t\t\t\t\t\t\t\t\t\t\t\t\t\t<img decoding=\"async\" width=\"1024\" height=\"576\" src=\"https:\/\/legendary-johncairo.com\/wp-content\/uploads\/2026\/02\/WhatsApp-Image-2026-01-26-at-12.07.18-AM-2-1024x576.jpeg\" class=\"attachment-large size-large wp-image-688\" alt=\"\" srcset=\"https:\/\/legendary-johncairo.com\/wp-content\/uploads\/2026\/02\/WhatsApp-Image-2026-01-26-at-12.07.18-AM-2-1024x576.jpeg 1024w, https:\/\/legendary-johncairo.com\/wp-content\/uploads\/2026\/02\/WhatsApp-Image-2026-01-26-at-12.07.18-AM-2-300x169.jpeg 300w, https:\/\/legendary-johncairo.com\/wp-content\/uploads\/2026\/02\/WhatsApp-Image-2026-01-26-at-12.07.18-AM-2-768x432.jpeg 768w, https:\/\/legendary-johncairo.com\/wp-content\/uploads\/2026\/02\/WhatsApp-Image-2026-01-26-at-12.07.18-AM-2.jpeg 1280w\" sizes=\"(max-width: 1024px) 100vw, 1024px\" \/>\t\t\t\t\t\t\t\t\t\t\t\t\t\t\t<\/div>\n\t\t\t\t<div class=\"elementor-element elementor-element-9726a78 elementor-widget elementor-widget-image\" data-id=\"9726a78\" data-element_type=\"widget\" data-e-type=\"widget\" data-widget_type=\"image.default\">\n\t\t\t\t\t\t\t\t\t\t\t\t\t\t\t<img loading=\"lazy\" decoding=\"async\" width=\"768\" height=\"1024\" src=\"https:\/\/legendary-johncairo.com\/wp-content\/uploads\/2026\/02\/WhatsApp-Image-2026-01-26-at-1.09.17-AM-768x1024.jpeg\" class=\"attachment-large size-large wp-image-685\" alt=\"\" srcset=\"https:\/\/legendary-johncairo.com\/wp-content\/uploads\/2026\/02\/WhatsApp-Image-2026-01-26-at-1.09.17-AM-768x1024.jpeg 768w, https:\/\/legendary-johncairo.com\/wp-content\/uploads\/2026\/02\/WhatsApp-Image-2026-01-26-at-1.09.17-AM-225x300.jpeg 225w, https:\/\/legendary-johncairo.com\/wp-content\/uploads\/2026\/02\/WhatsApp-Image-2026-01-26-at-1.09.17-AM-1152x1536.jpeg 1152w, https:\/\/legendary-johncairo.com\/wp-content\/uploads\/2026\/02\/WhatsApp-Image-2026-01-26-at-1.09.17-AM.jpeg 1200w\" sizes=\"(max-width: 768px) 100vw, 768px\" \/>\t\t\t\t\t\t\t\t\t\t\t\t\t\t\t<\/div>\n\t\t\t\t<\/div>\n\t\t\t\t<\/div>\n\t\t<div class=\"elementor-element elementor-element-55d4d83a e-con-full e-flex e-con e-child\" data-id=\"55d4d83a\" data-element_type=\"container\" data-e-type=\"container\">\n\t\t\t\t<div class=\"elementor-element elementor-element-1330c969 elementor-widget elementor-widget-heading\" data-id=\"1330c969\" data-element_type=\"widget\" data-e-type=\"widget\" data-widget_type=\"heading.default\">\n\t\t\t\t\t<h3 class=\"elementor-heading-title elementor-size-default\">Maison d'h\u00f4tes Dreamland dans le village de Ramadi<\/h3>\t\t\t\t<\/div>\n\t\t\t\t<div class=\"elementor-element elementor-element-359e6e2f elementor-widget elementor-widget-text-editor\" data-id=\"359e6e2f\" data-element_type=\"widget\" data-e-type=\"widget\" data-widget_type=\"text-editor.default\">\n\t\t\t\t\t\t\t\t\t<p class=\"translation-block\">Profitez de l'hospitalit\u00e9 dans la maison d'h\u00f4tes d'une famille locale dans le village de Ramadi, pr\u00e8s de la ville d'Edfou. <br>Les habitants du village sont tr\u00e8s sympathiques et les visiteurs sont les bienvenus. <br>La maison est tr\u00e8s calme, relaxante et propre. <br>Belles vues magnifiques depuis les fen\u00eatres et la terrasse au 4\u00e8me \u00e9tage. <br>Faites une promenade de 15 minutes jusqu'au Nil <br>Vous pouvez faire une petite promenade en bateau sur le fleuve ou vous baigner sur ses plages. <br>Visitez le d\u00e9sert \u00e0 l'ext\u00e9rieur du village <br>Le village est situ\u00e9 entre 2 temples, le temple d'Edfou au nord et Gebel el Silsila au sud. <br>Si vous d\u00e9cidez de passer de bons moments merveilleux, nous vous recommandons ce petit paradis tranquille. <br>Nous avons un bon service de connexion entre Assouan et Louxor et nous pouvons vous r\u00e9server un h\u00f4tel \u00e0 Assouan et Louxor, un transport ou toute visite s\u00e9par\u00e9e<\/p>\t\t\t\t\t\t\t\t<\/div>\n\t\t\t\t<div class=\"elementor-element elementor-element-438d696e elementor-mobile-align-center elementor-widget elementor-widget-button\" data-id=\"438d696e\" data-element_type=\"widget\" data-e-type=\"widget\" data-widget_type=\"button.default\">\n\t\t\t\t\t\t\t\t\t\t<a class=\"elementor-button elementor-button-link elementor-size-lg\" href=\"https:\/\/api.whatsapp.com\/send\/?phone=%2B201152961165\">\n\t\t\t\t\t\t<span class=\"elementor-button-content-wrapper\">\n\t\t\t\t\t\t\t\t\t<span class=\"elementor-button-text\">R\u00e9servez maintenant<\/span>\n\t\t\t\t\t<\/span>\n\t\t\t\t\t<\/a>\n\t\t\t\t\t\t\t\t<\/div>\n\t\t\t\t<\/div>\n\t\t\t\t\t<\/div>\n\t\t\t\t<\/div>\n\t\t\t\t<\/div>","protected":false},"excerpt":{"rendered":"<p>Dreamland Guesthouse Start Your Timeless Nile Adventure Today. Your journey to the heart of Ancient Egypt is just a message away. Dreamland Guesthouse in Ramadi Village Enjoy hospitality in the local family\u2019s guesthouse in Ramadi village near Edfu town. The people of the village are very friendly and visitors are welcome. The house is very [&hellip;]<\/p>\n","protected":false},"author":1,"featured_media":0,"parent":0,"menu_order":0,"comment_status":"closed","ping_status":"closed","template":"elementor_header_footer","meta":{"footnotes":""},"class_list":["post-595","page","type-page","status-publish","hentry"],"blocksy_meta":[],"_links":{"self":[{"href":"https:\/\/legendary-johncairo.com\/fr\/wp-json\/wp\/v2\/pages\/595","targetHints":{"allow":["GET"]}}],"collection":[{"href":"https:\/\/legendary-johncairo.com\/fr\/wp-json\/wp\/v2\/pages"}],"about":[{"href":"https:\/\/legendary-johncairo.com\/fr\/wp-json\/wp\/v2\/types\/page"}],"author":[{"embeddable":true,"href":"https:\/\/legendary-johncairo.com\/fr\/wp-json\/wp\/v2\/users\/1"}],"replies":[{"embeddable":true,"href":"https:\/\/legendary-johncairo.com\/fr\/wp-json\/wp\/v2\/comments?post=595"}],"version-history":[{"count":28,"href":"https:\/\/legendary-johncairo.com\/fr\/wp-json\/wp\/v2\/pages\/595\/revisions"}],"predecessor-version":[{"id":802,"href":"https:\/\/legendary-johncairo.com\/fr\/wp-json\/wp\/v2\/pages\/595\/revisions\/802"}],"wp:attachment":[{"href":"https:\/\/legendary-johncairo.com\/fr\/wp-json\/wp\/v2\/media?parent=595"}],"curies":[{"name":"wp","href":"https:\/\/api.w.org\/{rel}","templated":true}]}}